{"id":988151,"date":"2025-06-25T23:47:56","date_gmt":"2025-06-25T20:47:56","guid":{"rendered":"https:\/\/www.drycleanexpress.com.tr\/?page_id=988151"},"modified":"2025-09-16T18:49:30","modified_gmt":"2025-09-16T15:49:30","slug":"geschaftsbedingungen","status":"publish","type":"page","link":"https:\/\/www.drycleanexpress.com.tr\/de\/sartlar-ve-kosullar\/","title":{"rendered":"Gesch\u00e4ftsbedingungen"},"content":{"rendered":"<div data-elementor-type=\"wp-page\" data-elementor-id=\"988151\" class=\"elementor elementor-988151\" data-elementor-post-type=\"page\">\n\t\t\t\t<div class=\"elementor-element elementor-element-253cef11 e-flex e-con-boxed e-con e-parent\" data-id=\"253cef11\" data-element_type=\"container\" data-e-type=\"container\">\n\t\t\t\t\t<div class=\"e-con-inner\">\n\t\t\t\t<div class=\"elementor-element elementor-element-62d8aa83 elementor-widget elementor-widget-text-editor\" data-id=\"62d8aa83\" data-element_type=\"widget\" data-e-type=\"widget\" data-widget_type=\"text-editor.default\">\n\t\t\t\t<div class=\"elementor-widget-container\">\n\t\t\t\t\t\t\t\t\t\n<p class=\"p1\">Bitte lesen Sie die folgenden Gesch\u00e4ftsbedingungen sorgf\u00e4ltig durch, bevor Sie einen Kauf auf www.drycleanexpress.com.tr t\u00e4tigen.<\/p>\n<h4 class=\"wp-block-heading\"><b>1. Allgemeine Informationen<\/b><\/h4>\n<p class=\"p1\">Alle \u00fcber diese Website abgewickelten Verk\u00e4ufe und Dienstleistungen werden von Dry Clean Express (nachfolgend \u201cdas Unternehmen\u201d genannt) angeboten. Mit dem Kauf eines Produkts oder einer Dienstleistung \u00fcber die Website erkl\u00e4rt sich jeder mit den folgenden Allgemeinen Gesch\u00e4ftsbedingungen einverstanden.<\/p>\n<h4><b>2. Bestellung und Zahlung<\/b><\/h4>\n<ul>\n<li>\n<p class=\"p1\">F\u00fcr die Bearbeitung Ihrer Bestellung ben\u00f6tigen wir genaue und vollst\u00e4ndige Angaben.<\/p>\n<\/li>\n<li>\n<p class=\"p1\">Bestellungen werden nach Eingang der Zahlungsbest\u00e4tigung bearbeitet.<\/p>\n<\/li>\n<li>\n<p class=\"p1\">Nur Zahlungsmethode <span class=\"s1\"><b>Nachnahme<\/b><\/span> Dies kann mit dieser Option erfolgen.<\/p>\n<\/li>\n<li>\n<p class=\"p1\">Das Unternehmen kann nicht f\u00fcr etwaige technische Probleme haftbar gemacht werden, die w\u00e4hrend des Zahlungsvorgangs auftreten k\u00f6nnen.<\/p>\n<\/li>\n<li>\n<p class=\"p1\">Das Unternehmen beh\u00e4lt sich das Recht vor, die Bestellung zu stornieren, falls es dies f\u00fcr notwendig erachtet.<\/p>\n<\/li>\n<\/ul>\n<h4><b>3. Lieferung und Abholung von der Adresse<\/b><\/h4>\n<ul>\n<li>\n<p class=\"p1\">Abhol- und Lieferservice sind von der angegebenen Adresse innerhalb des Gebiets verf\u00fcgbar.<\/p>\n<\/li>\n<li>\n<p class=\"p1\">Nach der Bestellung wird der Kunde kontaktiert, um Adressdaten und Informationen zur Bearbeitungszeit zu erhalten.<\/p>\n<\/li>\n<\/ul>\n<h4><b>4. R\u00fcckgabe und Umtausch<\/b><\/h4>\n<ul>\n<li>\n<p class=\"p1\">Aus hygienischen Gr\u00fcnden und aufgrund der Anforderungen an einen personalisierten Service ist eine R\u00fcckgabe von chemischen Reinigungsleistungen nicht m\u00f6glich.<\/p>\n<\/li>\n<li>\n<p class=\"p1\">Falls die Dienstleistung nicht ordnungsgem\u00e4\u00df erbracht wurde, kann die Transaktion auf Basis der Kundenzufriedenheit wiederholt werden.<\/p>\n<\/li>\n<\/ul>\n<h4><b>5. Datenschutz und Datensicherheit<\/b><\/h4>\n<ul>\n<li>\n<p class=\"p1\">Kundendaten werden ausschlie\u00dflich zum Zweck der Auftragsabwicklung und zur Erf\u00fcllung gesetzlicher Verpflichtungen verwendet und nicht an Dritte weitergegeben.<\/p>\n<\/li>\n<li>\n<p class=\"p1\">Alle auf der Website eingegebenen Informationen sind durch ein SSL-Sicherheitszertifikat gesch\u00fctzt.<\/p>\n<\/li>\n<\/ul>\n<h4><b>Recht gem\u00e4\u00df dem sechsten Verfassungszusatz<\/b><\/h4>\n<p class=\"p1\">Dry Clean Express beh\u00e4lt sich das Recht vor, seine Nutzungsbedingungen jederzeit zu \u00e4ndern.<\/p>\n<p class=\"p1\">Die aktuellen Gesch\u00e4ftsbedingungen gelten ab dem Datum ihrer Ver\u00f6ffentlichung auf der Website.<\/p>\n<ul class=\"wp-block-list\"><\/ul>\n<!-- \/wp:list -->\t\t\t\t\t\t\t\t<\/div>\n\t\t\t\t<\/div>\n\t\t\t\t\t<\/div>\n\t\t\t\t<\/div>\n\t\t\t\t<\/div>","protected":false},"excerpt":{"rendered":"<p>L\u00fctfen www.drycleanexpress.com.tr \u00fczerinden yapaca\u011f\u0131n\u0131z al\u0131\u015fveri\u015flerden \u00f6nce a\u015fa\u011f\u0131daki \u015fartlar\u0131 dikkatlice okuyunuz. 1. Genel Bilgiler Bu web sitesi \u00fczerinden ger\u00e7ekle\u015ftirilen t\u00fcm sat\u0131\u015f ve hizmetler, Dry Clean Express (bundan sonra \u201cfirma\u201d olarak an\u0131lacakt\u0131r) taraf\u0131ndan sunulmaktad\u0131r. Site \u00fczerinden \u00fcr\u00fcn veya hizmet sat\u0131n alan herkes a\u015fa\u011f\u0131daki ko\u015fullar\u0131 kabul etmi\u015f say\u0131l\u0131r. 2. Sipari\u015f ve \u00d6deme Sipari\u015finizin tamamlanabilmesi i\u00e7in do\u011fru ve eksiksiz&#8230;<\/p>","protected":false},"author":1,"featured_media":0,"parent":0,"menu_order":0,"comment_status":"closed","ping_status":"closed","template":"","meta":{"footnotes":""},"class_list":["post-988151","page","type-page","status-publish","hentry"],"_links":{"self":[{"href":"https:\/\/www.drycleanexpress.com.tr\/de\/wp-json\/wp\/v2\/pages\/988151","targetHints":{"allow":["GET"]}}],"collection":[{"href":"https:\/\/www.drycleanexpress.com.tr\/de\/wp-json\/wp\/v2\/pages"}],"about":[{"href":"https:\/\/www.drycleanexpress.com.tr\/de\/wp-json\/wp\/v2\/types\/page"}],"author":[{"embeddable":true,"href":"https:\/\/www.drycleanexpress.com.tr\/de\/wp-json\/wp\/v2\/users\/1"}],"replies":[{"embeddable":true,"href":"https:\/\/www.drycleanexpress.com.tr\/de\/wp-json\/wp\/v2\/comments?post=988151"}],"version-history":[{"count":0,"href":"https:\/\/www.drycleanexpress.com.tr\/de\/wp-json\/wp\/v2\/pages\/988151\/revisions"}],"wp:attachment":[{"href":"https:\/\/www.drycleanexpress.com.tr\/de\/wp-json\/wp\/v2\/media?parent=988151"}],"curies":[{"name":"wp","href":"https:\/\/api.w.org\/{rel}","templated":true}]}}