{"id":988681,"date":"2025-08-28T20:17:01","date_gmt":"2025-08-28T17:17:01","guid":{"rendered":"https:\/\/www.drycleanexpress.com.tr\/?page_id=988681"},"modified":"2025-09-17T02:10:30","modified_gmt":"2025-09-16T23:10:30","slug":"institutionell","status":"publish","type":"page","link":"https:\/\/www.drycleanexpress.com.tr\/de\/kurumsal\/","title":{"rendered":"Institutionell"},"content":{"rendered":"<div data-elementor-type=\"wp-page\" data-elementor-id=\"988681\" class=\"elementor elementor-988681\" data-elementor-post-type=\"page\">\n\t\t\t\t<div class=\"elementor-element elementor-element-ec4e529 e-con-full e-flex e-con e-parent\" data-id=\"ec4e529\" data-element_type=\"container\" data-e-type=\"container\">\n\t\t\t\t<div class=\"elementor-element elementor-element-e75532a elementor-widget elementor-widget-html\" data-id=\"e75532a\" data-element_type=\"widget\" data-e-type=\"widget\" data-widget_type=\"html.default\">\n\t\t\t\t<div class=\"elementor-widget-container\">\n\t\t\t\t\t<div class=\"chairman-message-container\">\n    <div class=\"message-header\">\n        <div class=\"chairman-intro\">\n            <div class=\"chairman-photo\">\n                <img decoding=\"async\" src=\"https:\/\/www.drycleanexpress.com.tr\/wp-content\/uploads\/2025\/09\/indir.jpeg\" alt=\"Fatih Av\u015far\" \/>\n                <div class=\"photo-glow\"><\/div>\n            <\/div>\n            <div class=\"chairman-info\">\n                <h2 class=\"section-title\">Botschaft des Pr\u00e4sidenten<\/h2>\n                <div class=\"chairman-details\">\n                    <p class=\"chairman-name\">Fatih Av\u015far<\/p>\n                    <p class=\"chairman-title\">Vorsitzender des Verwaltungsrats der Av\u015far Holding<\/p>\n                <\/div>\n            <\/div>\n        <\/div>\n    <\/div>\n    \n    <div class=\"message-content\">\n        <div class=\"message-text\">\n            <div class=\"quote-mark\">\"<\/div>\n            \n            <p class=\"intro-paragraph\">\n                Ein Pionier in seinem Sektor in der T\u00fcrkei. <strong>Express-Reinigung<\/strong>, Dank seines entwicklungsorientierten Managementansatzes ist es eine Marke, die von Kunden, Mitarbeitern und Wettbewerbern gleicherma\u00dfen gesch\u00e4tzt und bevorzugt wird. Dieser Erfolg basiert auf unserer zeitnahen und zielstrebigen Ausrichtung auf unsere Ziele.\n            <\/p>\n            \n            <p>\n                <strong>Express-Reinigung<\/strong>, Gegr\u00fcndet 2006 von der AVS Group in Acarkent, Beykoz, Istanbul, begann unsere Reise mit dem Ziel, n\u00e4her an Ihnen zu sein und einen besseren und schnelleren Service zu bieten. In den letzten 15 Jahren sind wir von einem einzelnen Gesch\u00e4ft zu einem gr\u00f6\u00dferen Unternehmen gewachsen. <span class=\"highlight-number\">Zu 99 Filialen<\/span> Wir haben diesen Punkt erreicht. Als Branchenf\u00fchrer. <strong>Bio-Trockenreinigung<\/strong>'Wir sind stolz darauf, als erste Marke [Markenname] in die T\u00fcrkei gebracht zu haben. Wir wachsen und expandieren weiter, nicht nur in der T\u00fcrkei, sondern weltweit.\n            <\/p>\n            \n            <p>\n                Seit unserer Gr\u00fcndung vor \u00fcber 40 Jahren sind wir in verschiedenen Branchen t\u00e4tig und haben unsere langj\u00e4hrige Erfahrung im Bereich der Textilreinigung mit gro\u00dfem Erfolg gekr\u00f6nt. Gem\u00e4\u00df unserer Vision und Mission haben wir stets die Gesundheit von Mensch und Umwelt in den Vordergrund gestellt und dabei modernste Technologien eingesetzt. Dieser Ansatz wird sowohl von unseren Wettbewerbern als auch von unseren Gesch\u00e4ftspartnern gesch\u00e4tzt und hat uns zu einem Branchenf\u00fchrer gemacht.\n            <\/p>\n            \n            <p>\n                Auf unserer Reise, die 1972 begann, liegt die Grundlage unseres Erfolgs in unseren Beziehungen. <span class=\"highlight-text\">Vertrauen<\/span> Und <span class=\"highlight-text\">transparente Kommunikation<\/span> Dieses Prinzip bildet die Grundlage unseres Engagements f\u00fcr Marktforschung, Risikoanalyse und die Anpassung an sich entwickelnde Technologien und st\u00e4rkt uns in jeder Phase. Wir haben diesen Ansatz von den ersten Schritten unserer Projekte bis zu deren Abschluss verfolgt. <span class=\"highlight-text\">Schwere<\/span> Und <span class=\"highlight-text\">Strenge<\/span>, Dies hat das Vertrauen unserer Kunden und Gesch\u00e4ftspartner gest\u00e4rkt.\n            <\/p>\n            \n            <p>\n                <strong>Avsar Holding<\/strong>, Mit ihrer langen Reise in die Zukunft hat sich die Marke heute zu einem globalen Unternehmen entwickelt, das sich durch seine herausragenden Merkmale einen Namen gemacht hat. Wir konzentrieren uns weiterhin mit demselben Glauben und derselben Entschlossenheit auf unsere Ziele wie am ersten Tag unserer Gr\u00fcndung. Es erf\u00fcllt uns mit gro\u00dfem Stolz, ein Unternehmen zu sein, das in seinen Branchen f\u00fchrend ist und dem viele folgen.\n            <\/p>\n            \n            <p class=\"closing-paragraph\">\n                Ich m\u00f6chte mich bei allen meinen Teamkollegen bedanken, die zu diesem Erfolg beigetragen haben, und bei allen unseren Kunden, die uns ihr Vertrauen geschenkt haben.\n            <\/p>\n            \n            <div class=\"closing-quote\">\"<\/div>\n        <\/div>\n        \n        <div class=\"signature-section\">\n            <div class=\"signature-line\"><\/div>\n            <p class=\"regards\">Mit freundlichen Gr\u00fc\u00dfe<\/p>\n        <\/div>\n    <\/div>\n    \n    <div class=\"decorative-bg\"><\/div>\n<\/div>\n\n<style>\n.chairman-message-container {\n    position: relative;\n    max-width: 1000px;\n    margin: 40px auto;\n    background: #ffffff;\n    border-radius: 30px;\n    box-shadow: \n        0 30px 60px rgba(0,0,0,0.1),\n        0 10px 30px rgba(0,0,0,0.05);\n    font-family: 'Outfit', -apple-system, BlinkMacSystemFont, 'Segoe UI', Roboto, sans-serif;\n    line-height: 1.7;\n    overflow: hidden;\n    border: 1px solid rgba(255,255,255,0.3);\n}\n\n.message-header {\n    background: linear-gradient(135deg, #3CA201 0%, #2d7a01 100%);\n    padding: 40px;\n    position: relative;\n}\n\n.chairman-intro {\n    display: flex;\n    align-items: center;\n    gap: 30px;\n    position: relative;\n    z-index: 2;\n}\n\n.chairman-photo {\n    position: relative;\n    flex-shrink: 0;\n}\n\n.chairman-photo img {\n    width: 140px;\n    height: 160px;\n    border-radius: 20px;\n    object-fit: cover;\n    object-position: center top;\n    border: 4px solid rgba(255,255,255,0.2);\n    box-shadow: \n        0 15px 30px rgba(0,0,0,0.2),\n        0 5px 15px rgba(0,0,0,0.1);\n    transition: all 0.3s ease;\n}\n\n.photo-glow {\n    position: absolute;\n    top: -10px;\n    left: -10px;\n    right: -10px;\n    bottom: -10px;\n    background: linear-gradient(135deg, #F2D700, #ffdd00);\n    border-radius: 30px;\n    z-index: -1;\n    opacity: 0;\n    transition: opacity 0.3s ease;\n    filter: blur(8px);\n}\n\n.chairman-photo:hover img {\n    transform: scale(1.05);\n    border-color: rgba(255,255,255,0.4);\n}\n\n.chairman-photo:hover .photo-glow {\n    opacity: 0.6;\n}\n\n.chairman-info {\n    flex: 1;\n    color: white;\n}\n\n.section-title {\n    font-size: 42px;\n    font-weight: 800;\n    color: white !important;\n    margin: 0 0 15px 0;\n    text-shadow: 0 2px 4px rgba(0,0,0,0.2);\n}\n\n.chairman-details {\n    margin-top: 10px;\n}\n\n.chairman-name {\n    font-size: 24px;\n    font-weight: 700;\n    color: #F2D700;\n    margin: 0 0 5px 0;\n    text-shadow: 0 1px 2px rgba(0,0,0,0.2);\n}\n\n.chairman-title {\n    font-size: 16px;\n    color: rgba(255,255,255,0.9);\n    margin: 0;\n    font-weight: 500;\n}\n\n.message-content {\n    padding: 50px 40px;\n    position: relative;\n    z-index: 2;\n}\n\n.quote-mark {\n    font-size: 120px;\n    color: rgba(60,162,1,0.1);\n    font-weight: 900;\n    line-height: 1;\n    position: absolute;\n    top: 10px;\n    left: 20px;\n    z-index: 1;\n    font-family: Georgia, serif;\n}\n\n.closing-quote {\n    font-size: 120px;\n    color: rgba(60,162,1,0.1);\n    font-weight: 900;\n    line-height: 1;\n    position: absolute;\n    bottom: -30px;\n    right: 20px;\n    z-index: 1;\n    font-family: Georgia, serif;\n    transform: rotate(180deg);\n}\n\n.message-text {\n    position: relative;\n    z-index: 2;\n}\n\n.message-text p {\n    font-size: 17px;\n    color: #4a5568;\n    margin-bottom: 25px;\n    text-align: justify;\n    position: relative;\n}\n\n.intro-paragraph {\n    font-size: 19px;\n    font-weight: 600;\n    color: #2d3748;\n    background: linear-gradient(135deg, rgba(60,162,1,0.08), rgba(242,215,0,0.08));\n    padding: 30px;\n    border-radius: 20px;\n    border-left: 5px solid #3CA201;\n    margin: 30px 0 35px !important;\n    position: relative;\n}\n\n.closing-paragraph {\n    font-style: italic;\n    color: #2d3748;\n    font-weight: 600;\n    margin-bottom: 40px !important;\n    font-size: 18px;\n    text-align: center;\n    background: rgba(60,162,1,0.03);\n    padding: 25px;\n    border-radius: 15px;\n}\n\n.highlight-number {\n    background: linear-gradient(135deg, #F2D700, #d4bd00);\n    background-clip: text;\n    -webkit-background-clip: text;\n    -webkit-text-fill-color: transparent;\n    font-weight: 800;\n    font-size: 19px;\n    text-shadow: 0 1px 2px rgba(242,215,0,0.3);\n}\n\n.highlight-text {\n    background: linear-gradient(135deg, #3CA201, #2d7a01);\n    background-clip: text;\n    -webkit-background-clip: text;\n    -webkit-text-fill-color: transparent;\n    font-weight: 700;\n    position: relative;\n}\n\n.highlight-text::after {\n    content: '';\n    position: absolute;\n    bottom: -2px;\n    left: 0;\n    width: 100%;\n    height: 2px;\n    background: linear-gradient(90deg, #3CA201, #2d7a01);\n    opacity: 0.4;\n    border-radius: 1px;\n}\n\n.signature-section {\n    margin-top: 30px;\n    text-align: center;\n    position: relative;\n}\n\n.signature-line {\n    width: 150px;\n    height: 3px;\n    background: linear-gradient(90deg, transparent, #3CA201, transparent);\n    margin: 0 auto 20px;\n    border-radius: 2px;\n}\n\n.regards {\n    font-size: 18px;\n    color: #3CA201;\n    margin: 0;\n    font-style: italic;\n    font-weight: 600;\n}\n\n.decorative-bg {\n    position: absolute;\n    bottom: 0;\n    right: 0;\n    width: 300px;\n    height: 200px;\n    background: linear-gradient(135deg, rgba(60,162,1,0.03), rgba(242,215,0,0.03));\n    border-radius: 50% 0 30px 0;\n    z-index: 1;\n}\n\n\/* Responsive Design *\/\n@media (max-width: 768px) {\n    .chairman-message-container {\n        margin: 20px;\n        border-radius: 25px;\n    }\n    \n    .message-header {\n        padding: 30px 25px;\n    }\n    \n    .chairman-intro {\n        flex-direction: column;\n        text-align: center;\n        gap: 20px;\n    }\n    \n    .section-title {\n        font-size: 32px;\n    }\n    \n    .chairman-name {\n        font-size: 20px;\n    }\n    \n    .chairman-photo img {\n        width: 120px;\n        height: 140px;\n        border-radius: 15px;\n        object-position: center top;\n    }\n    \n    .message-content {\n        padding: 35px 25px;\n    }\n    \n    .message-text p {\n        font-size: 16px;\n        text-align: left;\n    }\n    \n    .intro-paragraph {\n        font-size: 17px;\n        padding: 25px 20px;\n    }\n    \n    .quote-mark {\n        font-size: 80px;\n        top: 5px;\n        left: 10px;\n    }\n    \n    .closing-quote {\n        font-size: 80px;\n        bottom: -20px;\n        right: 10px;\n    }\n}\n\n@media (max-width: 480px) {\n    .message-header {\n        padding: 25px 20px;\n    }\n    \n    .message-content {\n        padding: 30px 20px;\n    }\n    \n    .section-title {\n        font-size: 28px;\n    }\n    \n    .chairman-photo img {\n        width: 100px;\n        height: 120px;\n        object-position: center top;\n    }\n    \n    .message-text p {\n        font-size: 15px;\n        margin-bottom: 20px;\n    }\n    \n    .intro-paragraph {\n        font-size: 16px;\n        padding: 20px 15px;\n    }\n}\n\n\/* Hover Effects *\/\n.chairman-message-container:hover {\n    transform: translateY(-8px);\n    box-shadow: \n        0 40px 80px rgba(0,0,0,0.15),\n        0 15px 40px rgba(0,0,0,0.1);\n    transition: all 0.4s cubic-bezier(0.4, 0, 0.2, 1);\n}\n\n\/* Animation for entrance *\/\n@keyframes slideInFromTop {\n    from {\n        opacity: 0;\n        transform: translateY(-50px);\n    }\n    to {\n        opacity: 1;\n        transform: translateY(0);\n    }\n}\n\n.chairman-message-container {\n    animation: slideInFromTop 0.8s ease-out;\n}\n\n.message-header::after {\n    content: '';\n    position: absolute;\n    bottom: 0;\n    left: 0;\n    right: 0;\n    height: 30px;\n    background: linear-gradient(180deg, rgba(255,255,255,0) 0%, rgba(255,255,255,0.1) 100%);\n}\n<\/style>\t\t\t\t<\/div>\n\t\t\t\t<\/div>\n\t\t\t\t<\/div>\n\t\t\t\t<\/div>","protected":false},"excerpt":{"rendered":"<p>Ba\u015fkan\u0131n Mesaj\u0131 Fatih Av\u015far Av\u015far Holding Y\u00f6netim Kurulu Ba\u015fkan\u0131 &#8220; T\u00fcrkiye&#8217;de sekt\u00f6r\u00fcnde \u00f6nc\u00fc olan Dry Clean Express, geli\u015fime a\u00e7\u0131k y\u00f6netim anlay\u0131\u015f\u0131yla m\u00fc\u015fterileri, \u00e7al\u0131\u015fanlar\u0131 ve rakipleri taraf\u0131ndan tercih ve takdir edilen bir marka olma \u00f6zelli\u011fini ta\u015f\u0131maktad\u0131r. Bu ba\u015far\u0131m\u0131z, hedeflerimize do\u011fru zamanda ve kararl\u0131l\u0131kla odaklanmam\u0131zdan kaynaklanmaktad\u0131r. Dry Clean Express, 2006 y\u0131l\u0131nda AVS Grup taraf\u0131ndan \u0130stanbul Beykoz Acarkent&#8217;te&#8230;<\/p>","protected":false},"author":1,"featured_media":0,"parent":0,"menu_order":0,"comment_status":"closed","ping_status":"closed","template":"","meta":{"footnotes":""},"class_list":["post-988681","page","type-page","status-publish","hentry"],"_links":{"self":[{"href":"https:\/\/www.drycleanexpress.com.tr\/de\/wp-json\/wp\/v2\/pages\/988681","targetHints":{"allow":["GET"]}}],"collection":[{"href":"https:\/\/www.drycleanexpress.com.tr\/de\/wp-json\/wp\/v2\/pages"}],"about":[{"href":"https:\/\/www.drycleanexpress.com.tr\/de\/wp-json\/wp\/v2\/types\/page"}],"author":[{"embeddable":true,"href":"https:\/\/www.drycleanexpress.com.tr\/de\/wp-json\/wp\/v2\/users\/1"}],"replies":[{"embeddable":true,"href":"https:\/\/www.drycleanexpress.com.tr\/de\/wp-json\/wp\/v2\/comments?post=988681"}],"version-history":[{"count":0,"href":"https:\/\/www.drycleanexpress.com.tr\/de\/wp-json\/wp\/v2\/pages\/988681\/revisions"}],"wp:attachment":[{"href":"https:\/\/www.drycleanexpress.com.tr\/de\/wp-json\/wp\/v2\/media?parent=988681"}],"curies":[{"name":"wp","href":"https:\/\/api.w.org\/{rel}","templated":true}]}}