{"id":987659,"date":"2024-12-27T10:30:05","date_gmt":"2024-12-27T10:30:05","guid":{"rendered":"https:\/\/clanyeco.vamtam.com\/?page_id=25"},"modified":"2025-09-18T01:41:14","modified_gmt":"2025-09-17T22:41:14","slug":"about-us","status":"publish","type":"page","link":"https:\/\/www.drycleanexpress.com.tr\/en\/hakkimizda\/","title":{"rendered":"About Us"},"content":{"rendered":"\t\t<div data-elementor-type=\"wp-page\" data-elementor-id=\"987659\" class=\"elementor elementor-987659\" data-elementor-post-type=\"page\">\n\t\t\t\t<div class=\"elementor-element elementor-element-34be367 e-flex e-con-boxed e-con e-parent\" data-id=\"34be367\" data-element_type=\"container\" data-e-type=\"container\">\n\t\t\t\t\t<div class=\"e-con-inner\">\n\t\t\t\t<div class=\"elementor-element elementor-element-a959d18 animated-fast elementor-invisible elementor-widget elementor-widget-heading\" data-id=\"a959d18\" data-element_type=\"widget\" data-e-type=\"widget\" data-settings=\"{&quot;_animation&quot;:&quot;fadeInUp&quot;,&quot;_animation_delay&quot;:50}\" data-widget_type=\"heading.default\">\n\t\t\t\t<div class=\"elementor-widget-container\">\n\t\t\t\t\t<h2 class=\"elementor-heading-title elementor-size-default\">Hakk\u0131m\u0131zda<\/h2>\t\t\t\t<\/div>\n\t\t\t\t<\/div>\n\t\t\t\t<div class=\"elementor-element elementor-element-2cb2b36 animated-fast elementor-invisible elementor-widget elementor-widget-text-editor\" data-id=\"2cb2b36\" data-element_type=\"widget\" data-e-type=\"widget\" data-settings=\"{&quot;_animation&quot;:&quot;fadeIn&quot;,&quot;_animation_delay&quot;:100}\" data-widget_type=\"text-editor.default\">\n\t\t\t\t<div class=\"elementor-widget-container\">\n\t\t\t\t\t\t\t\t\t<p class=\"p1\" style=\"text-align: left;\"><span class=\"s1\"><b>Dry Clean Express<\/b><\/span>, modern toplumun h\u0131zla de\u011fi\u015fen ihtiya\u00e7lar\u0131n\u0131 kar\u015f\u0131lamak i\u00e7in s\u00fcrekli kendini yenileyen, <span class=\"s1\"><b>T\u00fcrkiye\u2019nin lider kuru temizleme markas\u0131d\u0131r.<\/b><\/span> Kuruldu\u011fu g\u00fcnden bu yana m\u00fc\u015fteri memnuniyetini merkeze alan hizmet anlay\u0131\u015f\u0131yla <span class=\"s1\"><b>20 milyondan fazla \u00fcr\u00fcn\u00fc temizlemi\u015f<\/b><\/span> ve <span class=\"s1\"><b>6 milyondan fazla aileye<\/b><\/span> g\u00fcvenilir hizmet sunmu\u015ftur.<\/p><p class=\"p1\" style=\"text-align: left;\"><span class=\"s1\"><b>2012 \u2013 2023 y\u0131llar\u0131 aras\u0131nda \u00fcst \u00fcste \u201cAlt\u0131n Marka \u00d6d\u00fcl\u00fc\u201dne<\/b><\/span> lay\u0131k g\u00f6r\u00fclen Dry Clean Express, sekt\u00f6r\u00fcnde kalite ve g\u00fcvenin sembol\u00fc haline gelmi\u015ftir. <span class=\"s1\"><b>\u201cT\u00fcrkiye\u2019nin 1 Numaral\u0131 Kuru Temizleme Uzman\u0131\u201d<\/b><\/span> unvan\u0131n\u0131 gururla ta\u015f\u0131yan markam\u0131z, kuru temizleme alan\u0131na getirdi\u011fi <span class=\"s1\"><b>yenilik\u00e7i \u00e7\u00f6z\u00fcmlerle sekt\u00f6re yeni bir soluk<\/b><\/span> kazand\u0131rmaktad\u0131r.<\/p><p class=\"p3\" style=\"text-align: left;\"><span class=\"s2\">Bug\u00fcn <\/span><b>80\u2019i a\u015fk\u0131n ma\u011faza<\/b><span class=\"s2\">, <\/span><b>500\u2019den fazla \u00e7al\u0131\u015fan<\/b><span class=\"s2\"> ve <\/span><b>g\u00fcnl\u00fck ortalama 50.000 par\u00e7a y\u0131kama kapasitesi<\/b><span class=\"s2\"> ile <\/span><b>T\u00fcrkiye\u2019nin en geni\u015f \u015fube a\u011f\u0131na sahip kuru temizleme markas\u0131<\/b><span class=\"s2\"> olarak hizmet veriyoruz. Bu \u00f6l\u00e7ek ve deneyim sayesinde; hem <\/span><b>h\u0131zda<\/b><span class=\"s2\"> hem de <\/span><b>verimlilikte<\/b><span class=\"s2\"> rakipsiz konumumuzu koruyoruz.<\/span><\/p><p class=\"p3\" style=\"text-align: left;\"><span class=\"s2\">Dry Clean Express olarak biz, <\/span><b>kaliteden \u00f6d\u00fcn vermeden en h\u0131zl\u0131 ve en g\u00fcvenilir kuru temizleme hizmetini sunmay\u0131<\/b><span class=\"s2\"> ilke edindik. Her g\u00fcn daha fazla insana ula\u015farak <\/span><b>\u201cT\u00fcrkiye\u2019nin En Yayg\u0131n, En Verimli ve En H\u0131zl\u0131 Kuru Temizleme Uzman\u0131\u201d<\/b><span class=\"s2\"> olma vizyonumuzu s\u00fcrd\u00fcr\u00fcyoruz.<\/span><\/p>\t\t\t\t\t\t\t\t<\/div>\n\t\t\t\t<\/div>\n\t\t\t\t\t<\/div>\n\t\t\t\t<\/div>\n\t\t<div class=\"elementor-element elementor-element-d032431 e-con-full e-flex e-con e-child\" data-id=\"d032431\" data-element_type=\"container\" data-e-type=\"container\" data-settings=\"{&quot;background_background&quot;:&quot;gradient&quot;}\">\n\t\t<div class=\"elementor-element elementor-element-b212363 e-flex e-con-boxed e-con e-child\" data-id=\"b212363\" data-element_type=\"container\" data-e-type=\"container\">\n\t\t\t\t\t<div class=\"e-con-inner\">\n\t\t<div class=\"elementor-element elementor-element-40efdb1 e-con-full e-flex e-con e-child\" data-id=\"40efdb1\" data-element_type=\"container\" data-e-type=\"container\">\n\t\t\t\t<div class=\"elementor-element elementor-element-786db31 e-transform elementor-view-default elementor-invisible elementor-widget elementor-widget-icon\" data-id=\"786db31\" data-element_type=\"widget\" data-e-type=\"widget\" data-settings=\"{&quot;_transform_flipX_effect&quot;:&quot;transform&quot;,&quot;motion_fx_motion_fx_scrolling&quot;:&quot;yes&quot;,&quot;motion_fx_rotateZ_effect&quot;:&quot;yes&quot;,&quot;motion_fx_devices&quot;:[&quot;desktop&quot;],&quot;_animation&quot;:&quot;fadeInLeft&quot;,&quot;_animation_delay&quot;:200,&quot;motion_fx_rotateZ_affectedRange&quot;:{&quot;unit&quot;:&quot;%&quot;,&quot;size&quot;:&quot;&quot;,&quot;sizes&quot;:{&quot;start&quot;:0,&quot;end&quot;:81}},&quot;motion_fx_rotateZ_speed&quot;:{&quot;unit&quot;:&quot;px&quot;,&quot;size&quot;:1,&quot;sizes&quot;:[]}}\" data-widget_type=\"icon.default\">\n\t\t\t\t<div class=\"elementor-widget-container\">\n\t\t\t\t\t\t\t<div class=\"elementor-icon-wrapper\">\n\t\t\t<div class=\"elementor-icon\">\n\t\t\t<svg xmlns=\"http:\/\/www.w3.org\/2000\/svg\" width=\"60\" height=\"54\" viewBox=\"0 0 60 54\"><path d=\"M40.95 43.54c-6.22-4.6-11.6-6.56-20.87-7.12l9.51-7.69c7.74-.6 14.89.21 21.93 1.69-7.24-2.85-13.24-3.24-20.82-3.14l13.82-13.1c3.83.94 7.1.9 11.1.4-3.65.14-6.55.05-10.04-1.53L58.53 1.27 39.07 17.24c-1.23-3.31-1.95-6.3-1.57-10.33-1.25 4.2-.37 7.53.19 11.65l-13.97 11.9c.7-5.46.36-11.36-3.24-16.67 1.15 2.88 4.56 12.96 1.17 18.19L7.35 43.83C.72 2.6 29.65 5.43 60 0c-5.42 34.47-1.98 60.1-50.08 47.7L2.6 53.82c-1.18.98-4.56-2.22-1.02-2.18l17-13.34c9.1.07 15.7 1.85 22.38 5.25Z\" fill=\"#\" fill-rule=\"evenodd\"><\/path><\/svg>\t\t\t<\/div>\n\t\t<\/div>\n\t\t\t\t\t\t<\/div>\n\t\t\t\t<\/div>\n\t\t\t\t<\/div>\n\t\t<div class=\"elementor-element elementor-element-613d6eb e-con-full e-flex e-con e-child\" data-id=\"613d6eb\" data-element_type=\"container\" data-e-type=\"container\">\n\t\t\t\t<div class=\"elementor-element elementor-element-681b44e elementor-position-inline-end elementor-widget__width-auto elementor-mobile-position-inline-end animated-fast elementor-view-default elementor-invisible elementor-widget elementor-widget-icon-box\" data-id=\"681b44e\" data-element_type=\"widget\" data-e-type=\"widget\" data-settings=\"{&quot;_animation&quot;:&quot;fadeIn&quot;,&quot;_animation_delay&quot;:50}\" data-widget_type=\"icon-box.default\">\n\t\t\t\t<div class=\"elementor-widget-container\">\n\t\t\t\t\t\t\t<div class=\"elementor-icon-box-wrapper\">\n\n\t\t\t\t\t\t<div class=\"elementor-icon-box-icon\">\n\t\t\t\t<span  class=\"elementor-icon\">\n\t\t\t\t<i aria-hidden=\"true\" class=\"vamtamtheme- vamtam-theme-title-dec\"><\/i>\t\t\t\t<\/span>\n\t\t\t<\/div>\n\t\t\t\n\t\t\t\t\t\t<div class=\"elementor-icon-box-content\">\n\n\t\t\t\t\t\t\t\t\t<h6 class=\"elementor-icon-box-title\">\n\t\t\t\t\t\t<span  >\n\t\t\t\t\t\t\tNeden Biz\t\t\t\t\t\t<\/span>\n\t\t\t\t\t<\/h6>\n\t\t\t\t\n\t\t\t\t\n\t\t\t<\/div>\n\t\t\t\n\t\t<\/div>\n\t\t\t\t\t\t<\/div>\n\t\t\t\t<\/div>\n\t\t\t\t<div class=\"elementor-element elementor-element-bacb7f6 animated-fast elementor-invisible elementor-widget elementor-widget-heading\" data-id=\"bacb7f6\" data-element_type=\"widget\" data-e-type=\"widget\" data-settings=\"{&quot;_animation&quot;:&quot;fadeInUp&quot;,&quot;_animation_delay&quot;:100}\" data-widget_type=\"heading.default\">\n\t\t\t\t<div class=\"elementor-widget-container\">\n\t\t\t\t\t<h2 class=\"elementor-heading-title elementor-size-default\">\u00c7evreye Duyarl\u0131 Temizlik<\/h2>\t\t\t\t<\/div>\n\t\t\t\t<\/div>\n\t\t\t\t<\/div>\n\t\t<div class=\"elementor-element elementor-element-1a66499 e-con-full e-flex e-con e-child\" data-id=\"1a66499\" data-element_type=\"container\" data-e-type=\"container\">\n\t\t\t\t<div class=\"elementor-element elementor-element-cfb30cd elementor-view-default elementor-invisible elementor-widget elementor-widget-icon\" data-id=\"cfb30cd\" data-element_type=\"widget\" data-e-type=\"widget\" data-settings=\"{&quot;motion_fx_motion_fx_scrolling&quot;:&quot;yes&quot;,&quot;motion_fx_rotateZ_effect&quot;:&quot;yes&quot;,&quot;motion_fx_devices&quot;:[&quot;desktop&quot;],&quot;_animation&quot;:&quot;fadeInRight&quot;,&quot;_animation_delay&quot;:300,&quot;motion_fx_rotateZ_affectedRange&quot;:{&quot;unit&quot;:&quot;%&quot;,&quot;size&quot;:&quot;&quot;,&quot;sizes&quot;:{&quot;start&quot;:0,&quot;end&quot;:80}},&quot;motion_fx_rotateZ_speed&quot;:{&quot;unit&quot;:&quot;px&quot;,&quot;size&quot;:1,&quot;sizes&quot;:[]}}\" data-widget_type=\"icon.default\">\n\t\t\t\t<div class=\"elementor-widget-container\">\n\t\t\t\t\t\t\t<div class=\"elementor-icon-wrapper\">\n\t\t\t<div class=\"elementor-icon\">\n\t\t\t<svg xmlns=\"http:\/\/www.w3.org\/2000\/svg\" width=\"60\" height=\"54\" viewBox=\"0 0 60 54\"><path d=\"M40.95 43.54c-6.22-4.6-11.6-6.56-20.87-7.12l9.51-7.69c7.74-.6 14.89.21 21.93 1.69-7.24-2.85-13.24-3.24-20.82-3.14l13.82-13.1c3.83.94 7.1.9 11.1.4-3.65.14-6.55.05-10.04-1.53L58.53 1.27 39.07 17.24c-1.23-3.31-1.95-6.3-1.57-10.33-1.25 4.2-.37 7.53.19 11.65l-13.97 11.9c.7-5.46.36-11.36-3.24-16.67 1.15 2.88 4.56 12.96 1.17 18.19L7.35 43.83C.72 2.6 29.65 5.43 60 0c-5.42 34.47-1.98 60.1-50.08 47.7L2.6 53.82c-1.18.98-4.56-2.22-1.02-2.18l17-13.34c9.1.07 15.7 1.85 22.38 5.25Z\" fill=\"#\" fill-rule=\"evenodd\"><\/path><\/svg>\t\t\t<\/div>\n\t\t<\/div>\n\t\t\t\t\t\t<\/div>\n\t\t\t\t<\/div>\n\t\t\t\t<\/div>\n\t\t\t\t\t<\/div>\n\t\t\t\t<\/div>\n\t\t<div class=\"elementor-element elementor-element-df0fc8e e-flex e-con-boxed e-con e-child\" data-id=\"df0fc8e\" data-element_type=\"container\" data-e-type=\"container\">\n\t\t\t\t\t<div class=\"e-con-inner\">\n\t\t\t\t<div class=\"elementor-element elementor-element-8349869 e-transform elementor-view-default elementor-invisible elementor-widget elementor-widget-icon\" data-id=\"8349869\" data-element_type=\"widget\" data-e-type=\"widget\" data-settings=\"{&quot;_animation&quot;:&quot;bounceInUp&quot;,&quot;_animation_tablet&quot;:&quot;none&quot;,&quot;_transform_rotateZ_effect&quot;:{&quot;unit&quot;:&quot;px&quot;,&quot;size&quot;:-20,&quot;sizes&quot;:[]},&quot;_transform_rotateZ_effect_tablet&quot;:{&quot;unit&quot;:&quot;deg&quot;,&quot;size&quot;:&quot;&quot;,&quot;sizes&quot;:[]},&quot;_transform_rotateZ_effect_mobile&quot;:{&quot;unit&quot;:&quot;deg&quot;,&quot;size&quot;:&quot;&quot;,&quot;sizes&quot;:[]}}\" data-widget_type=\"icon.default\">\n\t\t\t\t<div class=\"elementor-widget-container\">\n\t\t\t\t\t\t\t<div class=\"elementor-icon-wrapper\">\n\t\t\t<div class=\"elementor-icon\">\n\t\t\t<svg xmlns=\"http:\/\/www.w3.org\/2000\/svg\" xmlns:xlink=\"http:\/\/www.w3.org\/1999\/xlink\" width=\"48px\" height=\"32px\" viewBox=\"0 0 48 32\"><title>leaf-group-2<\/title><g id=\"Pages\" stroke=\"none\" stroke-width=\"1\" fill=\"none\" fill-rule=\"evenodd\"><g id=\"Home-1--new\" transform=\"translate(-754, -1108)\" fill=\"#3CA200\"><g id=\"Group-95\" transform=\"translate(141, 923)\"><g id=\"Group-94\" transform=\"translate(0, 153.3361)\"><g id=\"Group-16-Copy-3\" transform=\"translate(450, 22.6639)\"><g id=\"Group-35\" transform=\"translate(48, 0)\"><g id=\"leaf-group-2\" transform=\"translate(115.0448, 9.2279)\"><path d=\"M38.4303606,26.4781642 C35.3211811,24.1846386 32.6324645,23.2088046 27.995029,22.9301864 L32.7510759,19.0974768 C36.6197349,18.7961798 40.195401,19.200816 43.7166233,19.9363994 C40.094484,18.5158084 37.0937422,18.3213393 33.3065182,18.3710447 L40.2139835,11.8445415 C42.1325971,12.3089138 43.7684027,12.2927806 45.7609306,12.0416277 C43.9392432,12.1122646 42.4924222,12.0647372 40.7455259,11.2803177 L47.2179253,5.40524542 L37.4925086,13.3684762 C36.8733291,11.7172335 36.5135052,10.2273118 36.705588,8.2180861 C36.0815397,10.3088583 36.5205863,11.9692602 36.8003017,14.0273275 L29.8131776,19.9625822 C30.167248,17.2369586 29.9955239,14.2946158 28.1959658,11.6479139 C28.7722143,13.0833235 30.4752925,18.110325 28.7792965,20.7156058 L21.6310672,26.6255648 C18.3134325,6.06372017 32.7829462,7.48256133 47.9552475,4.77213282 C45.2448456,21.95782 46.9660647,34.7387978 22.9163334,28.5580728 L19.249497,31.6015651 C18.6599709,32.0907912 16.9710583,30.4931723 18.7422918,30.5132328 L27.2426306,23.8642049 C31.7906618,23.8968585 35.0932439,24.7867972 38.4303606,26.4781642 Z\" id=\"Path\"><\/path><path d=\"M14.694219,16.2168252 C12.9116369,14.901881 11.3701184,14.3424073 8.71134313,14.1826675 L11.4381217,11.9852647 C13.6561353,11.8125226 15.7061675,12.0445121 17.7249856,12.4662432 C15.6483089,11.6517775 13.9278973,11.5402828 11.7565727,11.5687803 L15.7168214,7.82694826 C16.8168178,8.09318625 17.7546722,8.08393662 18.8970458,7.93994341 C17.85262,7.9804416 17.0231159,7.9531928 16.0215699,7.50346248 L19.7323828,4.13511449 L14.1565215,8.70066384 C13.8015281,7.75395888 13.5952307,6.89974392 13.7053573,5.747797 C13.3475724,6.9464969 13.5992905,7.89845308 13.7596594,9.07840226 L9.75374003,12.4812546 C9.95673879,10.9185761 9.85828445,9.23164637 8.82654599,7.71421599 C9.15692581,8.53717763 10.1333496,11.4193023 9.16098629,12.9129847 L5.06270071,16.3013343 C3.16060523,4.51263702 11.4563938,5.32609948 20.1551108,3.77213282 C18.6011594,13.6251818 19.5879838,20.9528842 5.79958079,17.4092967 L3.69727797,19.1542185 C3.35928571,19.4347058 2.39098352,18.518745 3.40648265,18.5302462 L8.27997149,14.7181672 C10.8874887,14.7368884 12.780954,15.2471159 14.694219,16.2168252 Z\" id=\"Path-Copy\" transform=\"translate(11.5552, 11.4899) rotate(-42) translate(-11.5552, -11.4899)\"><\/path><\/g><\/g><\/g><\/g><\/g><\/g><\/g><\/svg>\t\t\t<\/div>\n\t\t<\/div>\n\t\t\t\t\t\t<\/div>\n\t\t\t\t<\/div>\n\t\t\t\t<div class=\"elementor-element elementor-element-8d31f28 elementor-view-default elementor-widget elementor-widget-icon\" data-id=\"8d31f28\" data-element_type=\"widget\" data-e-type=\"widget\" data-settings=\"{&quot;sticky&quot;:&quot;top&quot;,&quot;sticky_offset&quot;:100,&quot;sticky_parent&quot;:&quot;yes&quot;,&quot;_animation_tablet&quot;:&quot;none&quot;,&quot;sticky_on&quot;:[&quot;desktop&quot;,&quot;tablet&quot;,&quot;mobile&quot;],&quot;sticky_effects_offset&quot;:0,&quot;sticky_anchor_link_offset&quot;:0}\" data-widget_type=\"icon.default\">\n\t\t\t\t<div class=\"elementor-widget-container\">\n\t\t\t\t\t\t\t<div class=\"elementor-icon-wrapper\">\n\t\t\t<div class=\"elementor-icon\">\n\t\t\t<i aria-hidden=\"true\" class=\"vamtamtheme- vamtam-theme-scroll-circle\"><\/i>\t\t\t<\/div>\n\t\t<\/div>\n\t\t\t\t\t\t<\/div>\n\t\t\t\t<\/div>\n\t\t<div class=\"elementor-element elementor-element-d03680a e-con-full e-flex e-con e-child\" data-id=\"d03680a\" data-element_type=\"container\" data-e-type=\"container\">\n\t\t<div class=\"elementor-element elementor-element-09add1c e-con-full e-flex e-con e-child\" data-id=\"09add1c\" data-element_type=\"container\" data-e-type=\"container\">\n\t\t<div class=\"elementor-element elementor-element-0a047fa e-con-full animated-fast e-flex elementor-invisible e-con e-child\" data-id=\"0a047fa\" data-element_type=\"container\" data-e-type=\"container\" data-settings=\"{&quot;background_background&quot;:&quot;classic&quot;,&quot;animation&quot;:&quot;fadeIn&quot;,&quot;animation_delay&quot;:100}\">\n\t\t\t\t<div class=\"elementor-element elementor-element-c313758 elementor-widget elementor-widget-heading\" data-id=\"c313758\" data-element_type=\"widget\" data-e-type=\"widget\" data-widget_type=\"heading.default\">\n\t\t\t\t<div class=\"elementor-widget-container\">\n\t\t\t\t\t<h4 class=\"elementor-heading-title elementor-size-default\">Organik Temizleme Teknolojisi<\/h4>\t\t\t\t<\/div>\n\t\t\t\t<\/div>\n\t\t\t\t<div class=\"elementor-element elementor-element-61297f5 elementor-widget elementor-widget-text-editor\" data-id=\"61297f5\" data-element_type=\"widget\" data-e-type=\"widget\" data-widget_type=\"text-editor.default\">\n\t\t\t\t<div class=\"elementor-widget-container\">\n\t\t\t\t\t\t\t\t\t<p>\u00c7evre dostu GreenEarth sistemiyle, kimyasal kal\u0131nt\u0131 b\u0131rakmadan temizlik sa\u011fl\u0131yoruz. Kuma\u015flar\u0131n\u0131z\u0131n dokusuna zarar vermeden ilk g\u00fcnk\u00fc gibi koruyoruz.<\/p>\t\t\t\t\t\t\t\t<\/div>\n\t\t\t\t<\/div>\n\t\t\t\t<\/div>\n\t\t\t\t<\/div>\n\t\t<div class=\"elementor-element elementor-element-cccd4ad e-con-full e-flex e-con e-child\" data-id=\"cccd4ad\" data-element_type=\"container\" data-e-type=\"container\">\n\t\t<div class=\"elementor-element elementor-element-560e19f e-con-full e-flex elementor-invisible e-con e-child\" data-id=\"560e19f\" data-element_type=\"container\" data-e-type=\"container\" data-settings=\"{&quot;background_background&quot;:&quot;classic&quot;,&quot;animation&quot;:&quot;fadeIn&quot;,&quot;animation_delay&quot;:150}\">\n\t\t\t\t<div class=\"elementor-element elementor-element-3508a15 elementor-widget elementor-widget-heading\" data-id=\"3508a15\" data-element_type=\"widget\" data-e-type=\"widget\" data-widget_type=\"heading.default\">\n\t\t\t\t<div class=\"elementor-widget-container\">\n\t\t\t\t\t<h4 class=\"elementor-heading-title elementor-size-default\">Uzmanl\u0131k ve Standart Kalite<\/h4>\t\t\t\t<\/div>\n\t\t\t\t<\/div>\n\t\t\t\t<div class=\"elementor-element elementor-element-f009d12 elementor-widget elementor-widget-text-editor\" data-id=\"f009d12\" data-element_type=\"widget\" data-e-type=\"widget\" data-widget_type=\"text-editor.default\">\n\t\t\t\t<div class=\"elementor-widget-container\">\n\t\t\t\t\t\t\t\t\t<p>Dry Clean Express\u2019in y\u0131llara dayanan deneyimi ve e\u011fitimli personelimizle, her i\u015flemde ayn\u0131 kaliteyi garanti ediyoruz.<\/p>\t\t\t\t\t\t\t\t<\/div>\n\t\t\t\t<\/div>\n\t\t\t\t<\/div>\n\t\t\t\t<\/div>\n\t\t\t\t<\/div>\n\t\t<div class=\"elementor-element elementor-element-342d401 e-con-full e-flex e-con e-child\" data-id=\"342d401\" data-element_type=\"container\" data-e-type=\"container\">\n\t\t<div class=\"elementor-element elementor-element-57f2e65 e-con-full e-flex elementor-invisible e-con e-child\" data-id=\"57f2e65\" data-element_type=\"container\" data-e-type=\"container\" data-settings=\"{&quot;animation&quot;:&quot;fadeIn&quot;,&quot;animation_delay&quot;:200}\">\n\t\t<div class=\"elementor-element elementor-element-7eafe23 e-con-full e-flex e-con e-child\" data-id=\"7eafe23\" data-element_type=\"container\" data-e-type=\"container\" data-settings=\"{&quot;background_background&quot;:&quot;classic&quot;}\">\n\t\t\t\t<div class=\"elementor-element elementor-element-6965968 elementor-widget elementor-widget-heading\" data-id=\"6965968\" data-element_type=\"widget\" data-e-type=\"widget\" data-widget_type=\"heading.default\">\n\t\t\t\t<div class=\"elementor-widget-container\">\n\t\t\t\t\t<h4 class=\"elementor-heading-title elementor-size-default\">Teslimat Kolayl\u0131\u011f\u0131<\/h4>\t\t\t\t<\/div>\n\t\t\t\t<\/div>\n\t\t\t\t<div class=\"elementor-element elementor-element-89c5af3 elementor-widget elementor-widget-text-editor\" data-id=\"89c5af3\" data-element_type=\"widget\" data-e-type=\"widget\" data-widget_type=\"text-editor.default\">\n\t\t\t\t<div class=\"elementor-widget-container\">\n\t\t\t\t\t\t\t\t\tGiysilerinizi bize getirebilir ya da diledi\u011finiz adresten ald\u0131rabilirsiniz. Hem zamandan tasarruf edin hem de zahmetsiz hizmetin tad\u0131n\u0131 \u00e7\u0131kar\u0131n.\n\t\t\t\t\t\t\t\t<\/div>\n\t\t\t\t<\/div>\n\t\t\t\t<\/div>\n\t\t\t\t<\/div>\n\t\t<div class=\"elementor-element elementor-element-2416198 e-con-full e-flex elementor-invisible e-con e-child\" data-id=\"2416198\" data-element_type=\"container\" data-e-type=\"container\" data-settings=\"{&quot;animation&quot;:&quot;fadeIn&quot;,&quot;animation_delay&quot;:250}\">\n\t\t<div class=\"elementor-element elementor-element-b00c763 e-con-full e-flex e-con e-child\" data-id=\"b00c763\" data-element_type=\"container\" data-e-type=\"container\" data-settings=\"{&quot;background_background&quot;:&quot;classic&quot;}\">\n\t\t\t\t<div class=\"elementor-element elementor-element-52bcc98 elementor-widget elementor-widget-heading\" data-id=\"52bcc98\" data-element_type=\"widget\" data-e-type=\"widget\" data-widget_type=\"heading.default\">\n\t\t\t\t<div class=\"elementor-widget-container\">\n\t\t\t\t\t<h4 class=\"elementor-heading-title elementor-size-default\">Memnuniyet Odakl\u0131 Hizmet<\/h4>\t\t\t\t<\/div>\n\t\t\t\t<\/div>\n\t\t\t\t<div class=\"elementor-element elementor-element-7875133 elementor-widget elementor-widget-text-editor\" data-id=\"7875133\" data-element_type=\"widget\" data-e-type=\"widget\" data-widget_type=\"text-editor.default\">\n\t\t\t\t<div class=\"elementor-widget-container\">\n\t\t\t\t\t\t\t\t\tLekeniz \u00e7\u0131kmad\u0131 m\u0131? \u00dct\u00fc yeterli de\u011fil mi? Tekrar i\u015flem garantimizle i\u00e7iniz hep rahat. Her k\u0131yafeti, her m\u00fc\u015fteriyi \u00f6nemsiyoruz.\n\t\t\t\t\t\t\t\t<\/div>\n\t\t\t\t<\/div>\n\t\t\t\t<\/div>\n\t\t\t\t<\/div>\n\t\t\t\t<\/div>\n\t\t\t\t\t<\/div>\n\t\t\t\t<\/div>\n\t\t\t\t<\/div>\n\t\t<div class=\"elementor-element elementor-element-9c8ec60 e-con-full e-flex e-con e-parent\" data-id=\"9c8ec60\" data-element_type=\"container\" data-e-type=\"container\">\n\t\t<div class=\"elementor-element elementor-element-da9f3f4 e-con-full e-flex e-con e-child\" data-id=\"da9f3f4\" data-element_type=\"container\" data-e-type=\"container\" data-settings=\"{&quot;background_background&quot;:&quot;classic&quot;}\">\n\t\t\t\t<div class=\"elementor-element elementor-element-6aa11c5 elementor-widget__width-initial elementor-widget elementor-widget-spacer\" data-id=\"6aa11c5\" data-element_type=\"widget\" data-e-type=\"widget\" data-widget_type=\"spacer.default\">\n\t\t\t\t<div class=\"elementor-widget-container\">\n\t\t\t\t\t\t\t<div class=\"elementor-spacer\">\n\t\t\t<div class=\"elementor-spacer-inner\"><\/div>\n\t\t<\/div>\n\t\t\t\t\t\t<\/div>\n\t\t\t\t<\/div>\n\t\t\t\t<div class=\"vamtam-has-theme-widget-styles elementor-element elementor-element-eb3832b elementor-align-center elementor-widget__width-initial vamtam-has-hover-anim elementor-widget elementor-widget-button\" data-id=\"eb3832b\" data-element_type=\"widget\" data-e-type=\"widget\" data-widget_type=\"button.default\">\n\t\t\t\t<div class=\"elementor-widget-container\">\n\t\t\t\t\t\t\t\t\t<div class=\"elementor-button-wrapper\">\n\t\t\t\t\t<a class=\"elementor-button elementor-button-link elementor-size-sm\" href=\"https:\/\/www.drycleanexpress.com.tr\/en\/iletisim\/\">\n\t\t\t\t\t\t<span class=\"elementor-button-content-wrapper\">\n\t\t\t\t\t\t\t\t\t<span class=\"elementor-button-text\">\u0130leti\u015fim<\/span>\n\t\t\t\t\t<\/span>\n\t\t\t\t\t<\/a>\n\t\t\t\t<\/div>\n\t\t\t\t\t\t\t\t<\/div>\n\t\t\t\t<\/div>\n\t\t\t\t<div class=\"elementor-element elementor-element-463ea18 elementor-widget__width-initial elementor-widget elementor-widget-spacer\" data-id=\"463ea18\" data-element_type=\"widget\" data-e-type=\"widget\" data-widget_type=\"spacer.default\">\n\t\t\t\t<div class=\"elementor-widget-container\">\n\t\t\t\t\t\t\t<div class=\"elementor-spacer\">\n\t\t\t<div class=\"elementor-spacer-inner\"><\/div>\n\t\t<\/div>\n\t\t\t\t\t\t<\/div>\n\t\t\t\t<\/div>\n\t\t\t\t<\/div>\n\t\t\t\t<\/div>\n\t\t\t\t<\/div>\n\t\t","protected":false},"excerpt":{"rendered":"<p>Who We Are<\/p>","protected":false},"author":1,"featured_media":0,"parent":0,"menu_order":0,"comment_status":"closed","ping_status":"closed","template":"","meta":{"footnotes":""},"class_list":["post-987659","page","type-page","status-publish","hentry"],"_links":{"self":[{"href":"https:\/\/www.drycleanexpress.com.tr\/en\/wp-json\/wp\/v2\/pages\/987659","targetHints":{"allow":["GET"]}}],"collection":[{"href":"https:\/\/www.drycleanexpress.com.tr\/en\/wp-json\/wp\/v2\/pages"}],"about":[{"href":"https:\/\/www.drycleanexpress.com.tr\/en\/wp-json\/wp\/v2\/types\/page"}],"author":[{"embeddable":true,"href":"https:\/\/www.drycleanexpress.com.tr\/en\/wp-json\/wp\/v2\/users\/1"}],"replies":[{"embeddable":true,"href":"https:\/\/www.drycleanexpress.com.tr\/en\/wp-json\/wp\/v2\/comments?post=987659"}],"version-history":[{"count":0,"href":"https:\/\/www.drycleanexpress.com.tr\/en\/wp-json\/wp\/v2\/pages\/987659\/revisions"}],"wp:attachment":[{"href":"https:\/\/www.drycleanexpress.com.tr\/en\/wp-json\/wp\/v2\/media?parent=987659"}],"curies":[{"name":"wp","href":"https:\/\/api.w.org\/{rel}","templated":true}]}}