{"id":988151,"date":"2025-06-25T23:47:56","date_gmt":"2025-06-25T20:47:56","guid":{"rendered":"https:\/\/www.drycleanexpress.com.tr\/?page_id=988151"},"modified":"2025-09-16T18:49:30","modified_gmt":"2025-09-16T15:49:30","slug":"termes-et-conditions","status":"publish","type":"page","link":"https:\/\/www.drycleanexpress.com.tr\/fr\/sartlar-ve-kosullar\/","title":{"rendered":"Termes et conditions"},"content":{"rendered":"<div data-elementor-type=\"wp-page\" data-elementor-id=\"988151\" class=\"elementor elementor-988151\" data-elementor-post-type=\"page\">\n\t\t\t\t<div class=\"elementor-element elementor-element-253cef11 e-flex e-con-boxed e-con e-parent\" data-id=\"253cef11\" data-element_type=\"container\" data-e-type=\"container\">\n\t\t\t\t\t<div class=\"e-con-inner\">\n\t\t\t\t<div class=\"elementor-element elementor-element-62d8aa83 elementor-widget elementor-widget-text-editor\" data-id=\"62d8aa83\" data-element_type=\"widget\" data-e-type=\"widget\" data-widget_type=\"text-editor.default\">\n\t\t\t\t<div class=\"elementor-widget-container\">\n\t\t\t\t\t\t\t\t\t\n<p class=\"p1\">Veuillez lire attentivement les conditions g\u00e9n\u00e9rales suivantes avant d&#039;effectuer un achat sur www.drycleanexpress.com.tr.<\/p>\n<h4 class=\"wp-block-heading\"><b>1. Informations g\u00e9n\u00e9rales<\/b><\/h4>\n<p class=\"p1\">Toutes les ventes et prestations r\u00e9alis\u00e9es via ce site web sont propos\u00e9es par Dry Clean Express (ci-apr\u00e8s d\u00e9nomm\u00e9e \u201c la soci\u00e9t\u00e9 \u201d). Toute personne achetant un produit ou un service via le site est r\u00e9put\u00e9e avoir accept\u00e9 les conditions g\u00e9n\u00e9rales suivantes.<\/p>\n<h4><b>2. Commande et paiement<\/b><\/h4>\n<ul>\n<li>\n<p class=\"p1\">Des informations exactes et compl\u00e8tes sont n\u00e9cessaires pour finaliser votre commande.<\/p>\n<\/li>\n<li>\n<p class=\"p1\">Les commandes sont trait\u00e9es apr\u00e8s r\u00e9ception de la confirmation de paiement.<\/p>\n<\/li>\n<li>\n<p class=\"p1\">Mode de paiement uniquement <span class=\"s1\"><b>paiement \u00e0 la livraison<\/b><\/span> Cela peut se faire en utilisant cette option.<\/p>\n<\/li>\n<li>\n<p class=\"p1\">L&#039;entreprise ne peut \u00eatre tenue responsable des probl\u00e8mes techniques pouvant survenir lors du processus de paiement.<\/p>\n<\/li>\n<li>\n<p class=\"p1\">L&#039;entreprise se r\u00e9serve le droit d&#039;annuler la commande si elle le juge n\u00e9cessaire.<\/p>\n<\/li>\n<\/ul>\n<h4><b>3. Livraison et enl\u00e8vement \u00e0 l&#039;adresse<\/b><\/h4>\n<ul>\n<li>\n<p class=\"p1\">Des services de ramassage et de livraison sont disponibles \u00e0 l&#039;adresse indiqu\u00e9e dans la zone.<\/p>\n<\/li>\n<li>\n<p class=\"p1\">Apr\u00e8s avoir pass\u00e9 la commande, le client est contact\u00e9 pour fournir ses coordonn\u00e9es et des informations sur le d\u00e9lai de traitement.<\/p>\n<\/li>\n<\/ul>\n<h4><b>4. Retours et \u00e9changes<\/b><\/h4>\n<ul>\n<li>\n<p class=\"p1\">Pour des raisons d&#039;hygi\u00e8ne et de personnalisation du service, les retours ne sont pas accept\u00e9s pour les services de nettoyage \u00e0 sec.<\/p>\n<\/li>\n<li>\n<p class=\"p1\">Si le service est mal rendu, la transaction peut \u00eatre refaite en fonction de la satisfaction du client.<\/p>\n<\/li>\n<\/ul>\n<h4><b>5. Confidentialit\u00e9 et s\u00e9curit\u00e9 des donn\u00e9es<\/b><\/h4>\n<ul>\n<li>\n<p class=\"p1\">Les informations client sont utilis\u00e9es uniquement dans le but de finaliser la commande et de respecter les obligations l\u00e9gales, et ne seront pas partag\u00e9es avec des tiers.<\/p>\n<\/li>\n<li>\n<p class=\"p1\">Toutes les informations saisies sur le site sont prot\u00e9g\u00e9es par un certificat de s\u00e9curit\u00e9 SSL.<\/p>\n<\/li>\n<\/ul>\n<h4><b>Droit garanti par le sixi\u00e8me amendement<\/b><\/h4>\n<p class=\"p1\">Dry Clean Express se r\u00e9serve le droit de modifier ses conditions g\u00e9n\u00e9rales de service \u00e0 tout moment.<\/p>\n<p class=\"p1\">Les pr\u00e9sentes conditions g\u00e9n\u00e9rales sont valables \u00e0 compter de leur date de publication sur le site web.<\/p>\n<ul class=\"wp-block-list\"><\/ul>\n<!-- \/wp:list -->\t\t\t\t\t\t\t\t<\/div>\n\t\t\t\t<\/div>\n\t\t\t\t\t<\/div>\n\t\t\t\t<\/div>\n\t\t\t\t<\/div>","protected":false},"excerpt":{"rendered":"<p>L\u00fctfen www.drycleanexpress.com.tr \u00fczerinden yapaca\u011f\u0131n\u0131z al\u0131\u015fveri\u015flerden \u00f6nce a\u015fa\u011f\u0131daki \u015fartlar\u0131 dikkatlice okuyunuz. 1. Genel Bilgiler Bu web sitesi \u00fczerinden ger\u00e7ekle\u015ftirilen t\u00fcm sat\u0131\u015f ve hizmetler, Dry Clean Express (bundan sonra \u201cfirma\u201d olarak an\u0131lacakt\u0131r) taraf\u0131ndan sunulmaktad\u0131r. Site \u00fczerinden \u00fcr\u00fcn veya hizmet sat\u0131n alan herkes a\u015fa\u011f\u0131daki ko\u015fullar\u0131 kabul etmi\u015f say\u0131l\u0131r. 2. Sipari\u015f ve \u00d6deme Sipari\u015finizin tamamlanabilmesi i\u00e7in do\u011fru ve eksiksiz&#8230;<\/p>","protected":false},"author":1,"featured_media":0,"parent":0,"menu_order":0,"comment_status":"closed","ping_status":"closed","template":"","meta":{"footnotes":""},"class_list":["post-988151","page","type-page","status-publish","hentry"],"_links":{"self":[{"href":"https:\/\/www.drycleanexpress.com.tr\/fr\/wp-json\/wp\/v2\/pages\/988151","targetHints":{"allow":["GET"]}}],"collection":[{"href":"https:\/\/www.drycleanexpress.com.tr\/fr\/wp-json\/wp\/v2\/pages"}],"about":[{"href":"https:\/\/www.drycleanexpress.com.tr\/fr\/wp-json\/wp\/v2\/types\/page"}],"author":[{"embeddable":true,"href":"https:\/\/www.drycleanexpress.com.tr\/fr\/wp-json\/wp\/v2\/users\/1"}],"replies":[{"embeddable":true,"href":"https:\/\/www.drycleanexpress.com.tr\/fr\/wp-json\/wp\/v2\/comments?post=988151"}],"version-history":[{"count":0,"href":"https:\/\/www.drycleanexpress.com.tr\/fr\/wp-json\/wp\/v2\/pages\/988151\/revisions"}],"wp:attachment":[{"href":"https:\/\/www.drycleanexpress.com.tr\/fr\/wp-json\/wp\/v2\/media?parent=988151"}],"curies":[{"name":"wp","href":"https:\/\/api.w.org\/{rel}","templated":true}]}}