{"id":988496,"date":"2025-08-26T21:24:19","date_gmt":"2025-08-26T18:24:19","guid":{"rendered":"https:\/\/www.drycleanexpress.com.tr\/?page_id=988496"},"modified":"2025-09-17T14:20:04","modified_gmt":"2025-09-17T11:20:04","slug":"nos-succursales","status":"publish","type":"page","link":"https:\/\/www.drycleanexpress.com.tr\/fr\/subelerimiz\/","title":{"rendered":"Nos succursales"},"content":{"rendered":"<div data-elementor-type=\"wp-page\" data-elementor-id=\"988496\" class=\"elementor elementor-988496\" data-elementor-post-type=\"page\">\n\t\t\t\t<div class=\"elementor-element elementor-element-5aa44be e-flex e-con-boxed e-con e-parent\" data-id=\"5aa44be\" data-element_type=\"container\" data-e-type=\"container\">\n\t\t\t\t\t<div class=\"e-con-inner\">\n\t\t\t\t<div class=\"elementor-element elementor-element-e392b0f elementor-widget elementor-widget-heading\" data-id=\"e392b0f\" data-element_type=\"widget\" data-e-type=\"widget\" data-widget_type=\"heading.default\">\n\t\t\t\t<div class=\"elementor-widget-container\">\n\t\t\t\t\t<h2 class=\"elementor-heading-title elementor-size-default\">Nos succursales<\/h2>\t\t\t\t<\/div>\n\t\t\t\t<\/div>\n\t\t\t\t<div class=\"elementor-element elementor-element-7dc1f87 elementor-widget elementor-widget-text-editor\" data-id=\"7dc1f87\" data-element_type=\"widget\" data-e-type=\"widget\" data-widget_type=\"text-editor.default\">\n\t\t\t\t<div class=\"elementor-widget-container\">\n\t\t\t\t\t\t\t\t\t<p class=\"p1\">Gr\u00e2ce \u00e0 nos agences r\u00e9parties dans toute la Turquie, nous vous offrons des services professionnels au plus pr\u00e8s de chez vous. <strong>nettoyage \u00e0 sec<\/strong> Nous proposons ce service. Trouvez d\u00e8s maintenant l&#039;agence qui vous convient le mieux\u00a0!<\/p>\t\t\t\t\t\t\t\t<\/div>\n\t\t\t\t<\/div>\n\t\t\t\t<div class=\"elementor-element elementor-element-05b9623 elementor-widget elementor-widget-shortcode\" data-id=\"05b9623\" data-element_type=\"widget\" data-e-type=\"widget\" data-widget_type=\"shortcode.default\">\n\t\t\t\t<div class=\"elementor-widget-container\">\n\t\t\t\t\t\t\t<div class=\"elementor-shortcode\">        <div class=\"dry-clean-branches\">\n                        \n            <div class=\"branches-stats\">\n                <div class=\"stat-box\">\n                    <span class=\"stat-number\" id=\"statTotal\">75<\/span>\n                    <div class=\"stat-text\">Nombre total de succursales<\/div>\n                <\/div>\n                <div class=\"stat-box\">\n                    <span class=\"stat-number\" id=\"statCityCount\">0<\/span>\n                    <div class=\"stat-text\">Ville\/Pays<\/div>\n                <\/div>\n                <div class=\"stat-box\">\n                    <span class=\"stat-number\" id=\"statIstanbul\">0<\/span>\n                    <div class=\"stat-text\">Succursale \u00e0 Istanbul<\/div>\n                <\/div>\n            <\/div>\n\n                        <!-- *** EN YAKIN \u015eUBE SONUCU BURAYA TA\u015eINDI *** -->\n            <div id=\"nearestResult\"><\/div>\n            \n            <div class=\"branches-search\">\n                <div class=\"search-row\">\n                    <input type=\"text\" class=\"search-input\" id=\"branchSearch\" placeholder=\"Rechercher une agence... (ville, quartier, nom de l&#039;agence, adresse)\">\n                    <select class=\"search-select\" id=\"citySelect\">\n                        <option value=\"\">Toutes les villes de Turquie<\/option>\n                    <\/select>\n                    <button class=\"search-select\" id=\"findNearestBtn\" style=\"background:#3CA201;color:#fff;border:2px solid #3CA201;cursor:pointer;font-weight:500\">\n                        Trouvez la succursale la plus proche\n                    <\/button>\n                <\/div>\n            <\/div>\n\n            <div class=\"branches-grid\" id=\"branchesGrid\">\n                <div class=\"dce-loading\">Chargement des succursales...<\/div>\n            <\/div>\n                    <\/div>\n        <\/div>\n\t\t\t\t\t\t<\/div>\n\t\t\t\t<\/div>\n\t\t\t\t\t<\/div>\n\t\t\t\t<\/div>\n\t\t\t\t<\/div>","protected":false},"excerpt":{"rendered":"<p>\u015eubelerimiz T\u00fcrkiye genelindeki \u015fubelerimizle, size en yak\u0131n noktada profesyonel kuru temizleme hizmeti sunuyoruz. Hemen size en uygun \u015fubemizi bulun!<\/p>","protected":false},"author":1,"featured_media":0,"parent":0,"menu_order":0,"comment_status":"closed","ping_status":"closed","template":"","meta":{"footnotes":""},"class_list":["post-988496","page","type-page","status-publish","hentry"],"_links":{"self":[{"href":"https:\/\/www.drycleanexpress.com.tr\/fr\/wp-json\/wp\/v2\/pages\/988496","targetHints":{"allow":["GET"]}}],"collection":[{"href":"https:\/\/www.drycleanexpress.com.tr\/fr\/wp-json\/wp\/v2\/pages"}],"about":[{"href":"https:\/\/www.drycleanexpress.com.tr\/fr\/wp-json\/wp\/v2\/types\/page"}],"author":[{"embeddable":true,"href":"https:\/\/www.drycleanexpress.com.tr\/fr\/wp-json\/wp\/v2\/users\/1"}],"replies":[{"embeddable":true,"href":"https:\/\/www.drycleanexpress.com.tr\/fr\/wp-json\/wp\/v2\/comments?post=988496"}],"version-history":[{"count":0,"href":"https:\/\/www.drycleanexpress.com.tr\/fr\/wp-json\/wp\/v2\/pages\/988496\/revisions"}],"wp:attachment":[{"href":"https:\/\/www.drycleanexpress.com.tr\/fr\/wp-json\/wp\/v2\/media?parent=988496"}],"curies":[{"name":"wp","href":"https:\/\/api.w.org\/{rel}","templated":true}]}}