{"id":988681,"date":"2025-08-28T20:17:01","date_gmt":"2025-08-28T17:17:01","guid":{"rendered":"https:\/\/www.drycleanexpress.com.tr\/?page_id=988681"},"modified":"2025-09-17T02:10:30","modified_gmt":"2025-09-16T23:10:30","slug":"institutionnel","status":"publish","type":"page","link":"https:\/\/www.drycleanexpress.com.tr\/fr\/kurumsal\/","title":{"rendered":"Institutionnel"},"content":{"rendered":"<div data-elementor-type=\"wp-page\" data-elementor-id=\"988681\" class=\"elementor elementor-988681\" data-elementor-post-type=\"page\">\n\t\t\t\t<div class=\"elementor-element elementor-element-ec4e529 e-con-full e-flex e-con e-parent\" data-id=\"ec4e529\" data-element_type=\"container\" data-e-type=\"container\">\n\t\t\t\t<div class=\"elementor-element elementor-element-e75532a elementor-widget elementor-widget-html\" data-id=\"e75532a\" data-element_type=\"widget\" data-e-type=\"widget\" data-widget_type=\"html.default\">\n\t\t\t\t<div class=\"elementor-widget-container\">\n\t\t\t\t\t<div class=\"chairman-message-container\">\n    <div class=\"message-header\">\n        <div class=\"chairman-intro\">\n            <div class=\"chairman-photo\">\n                <img decoding=\"async\" src=\"https:\/\/www.drycleanexpress.com.tr\/wp-content\/uploads\/2025\/09\/indir.jpeg\" alt=\"Fatih Av\u015far\" \/>\n                <div class=\"photo-glow\"><\/div>\n            <\/div>\n            <div class=\"chairman-info\">\n                <h2 class=\"section-title\">Message du pr\u00e9sident<\/h2>\n                <div class=\"chairman-details\">\n                    <p class=\"chairman-name\">Fatih Av\u015far<\/p>\n                    <p class=\"chairman-title\">Pr\u00e9sident du conseil d&#039;administration d&#039;Av\u015far Holding<\/p>\n                <\/div>\n            <\/div>\n        <\/div>\n    <\/div>\n    \n    <div class=\"message-content\">\n        <div class=\"message-text\">\n            <div class=\"quote-mark\">\"<\/div>\n            \n            <p class=\"intro-paragraph\">\n                Un pionnier dans son secteur en Turquie. <strong>Nettoyage \u00e0 sec express<\/strong>, Gr\u00e2ce \u00e0 son approche de gestion ax\u00e9e sur le d\u00e9veloppement, elle est une marque pl\u00e9biscit\u00e9e et appr\u00e9ci\u00e9e par ses clients, ses employ\u00e9s et m\u00eame ses concurrents. Ce succ\u00e8s repose sur notre engagement constant et opportun envers nos objectifs.\n            <\/p>\n            \n            <p>\n                <strong>Nettoyage \u00e0 sec express<\/strong>, Fond\u00e9e en 2006 par AVS Group \u00e0 Akarcent, Beykoz, Istanbul, notre aventure a commenc\u00e9 avec l&#039;objectif d&#039;\u00eatre plus proches de vous et de vous offrir un service plus rapide et de meilleure qualit\u00e9. Au cours des 15 derni\u00e8res ann\u00e9es, nous sommes pass\u00e9s d&#039;un seul magasin \u00e0 une entreprise d&#039;envergure. <span class=\"highlight-number\">Dans 99 magasins<\/span> Nous y sommes parvenus. En tant que leader du secteur. <strong>Nettoyage \u00e0 sec biologique<\/strong>'Nous sommes fiers d&#039;\u00eatre la premi\u00e8re marque \u00e0 introduire [nom de la marque] en Turquie. Nous poursuivons notre croissance et notre expansion, non seulement en Turquie, mais aussi \u00e0 l&#039;international.\n            <\/p>\n            \n            <p>\n                Pr\u00e9sente dans divers secteurs depuis plus de 40 ans, notre entreprise a b\u00e2ti son succ\u00e8s sur une solide exp\u00e9rience dans le domaine du nettoyage \u00e0 sec. Fid\u00e8les \u00e0 notre vision et \u00e0 notre mission, nous avons toujours privil\u00e9gi\u00e9 la sant\u00e9 humaine et environnementale en utilisant les meilleures technologies. Cette approche, salu\u00e9e par nos concurrents et nos partenaires, nous a permis de devenir un acteur majeur du secteur.\n            <\/p>\n            \n            <p>\n                Dans notre parcours d\u00e9but\u00e9 en 1972, le fondement de notre succ\u00e8s r\u00e9side dans nos relations. <span class=\"highlight-text\">confiance<\/span> Et <span class=\"highlight-text\">communication transparente<\/span> Ce principe sous-tend notre engagement envers les \u00e9tudes de march\u00e9, l&#039;analyse des risques et l&#039;adaptation aux technologies \u00e9mergentes, nous renfor\u00e7ant ainsi \u00e0 chaque \u00e9tape. Nous avons adopt\u00e9 cette approche d\u00e8s les premi\u00e8res phases de nos projets et jusqu&#039;\u00e0 leur ach\u00e8vement. <span class=\"highlight-text\">gravit\u00e9<\/span> Et <span class=\"highlight-text\">rigueur<\/span>, Cela a renforc\u00e9 la confiance de nos clients et partenaires commerciaux.\n            <\/p>\n            \n            <p>\n                <strong>Avsar Holding<\/strong>, Apr\u00e8s un long parcours, l&#039;entreprise est devenue une marque mondiale, forte de son expertise et de ses innovations. Nous restons fid\u00e8les \u00e0 nos convictions et \u00e0 notre d\u00e9termination d&#039;antan. C&#039;est une grande fiert\u00e9 pour nous d&#039;\u00eatre une entreprise leader et une r\u00e9f\u00e9rence dans nos secteurs.\n            <\/p>\n            \n            <p class=\"closing-paragraph\">\n                Je tiens \u00e0 remercier tous mes co\u00e9quipiers qui ont contribu\u00e9 \u00e0 ce succ\u00e8s, ainsi que tous nos clients qui nous ont fait confiance.\n            <\/p>\n            \n            <div class=\"closing-quote\">\"<\/div>\n        <\/div>\n        \n        <div class=\"signature-section\">\n            <div class=\"signature-line\"><\/div>\n            <p class=\"regards\">Cordialement<\/p>\n        <\/div>\n    <\/div>\n    \n    <div class=\"decorative-bg\"><\/div>\n<\/div>\n\n<style>\n.chairman-message-container {\n    position: relative;\n    max-width: 1000px;\n    margin: 40px auto;\n    background: #ffffff;\n    border-radius: 30px;\n    box-shadow: \n        0 30px 60px rgba(0,0,0,0.1),\n        0 10px 30px rgba(0,0,0,0.05);\n    font-family: 'Outfit', -apple-system, BlinkMacSystemFont, 'Segoe UI', Roboto, sans-serif;\n    line-height: 1.7;\n    overflow: hidden;\n    border: 1px solid rgba(255,255,255,0.3);\n}\n\n.message-header {\n    background: linear-gradient(135deg, #3CA201 0%, #2d7a01 100%);\n    padding: 40px;\n    position: relative;\n}\n\n.chairman-intro {\n    display: flex;\n    align-items: center;\n    gap: 30px;\n    position: relative;\n    z-index: 2;\n}\n\n.chairman-photo {\n    position: relative;\n    flex-shrink: 0;\n}\n\n.chairman-photo img {\n    width: 140px;\n    height: 160px;\n    border-radius: 20px;\n    object-fit: cover;\n    object-position: center top;\n    border: 4px solid rgba(255,255,255,0.2);\n    box-shadow: \n        0 15px 30px rgba(0,0,0,0.2),\n        0 5px 15px rgba(0,0,0,0.1);\n    transition: all 0.3s ease;\n}\n\n.photo-glow {\n    position: absolute;\n    top: -10px;\n    left: -10px;\n    right: -10px;\n    bottom: -10px;\n    background: linear-gradient(135deg, #F2D700, #ffdd00);\n    border-radius: 30px;\n    z-index: -1;\n    opacity: 0;\n    transition: opacity 0.3s ease;\n    filter: blur(8px);\n}\n\n.chairman-photo:hover img {\n    transform: scale(1.05);\n    border-color: rgba(255,255,255,0.4);\n}\n\n.chairman-photo:hover .photo-glow {\n    opacity: 0.6;\n}\n\n.chairman-info {\n    flex: 1;\n    color: white;\n}\n\n.section-title {\n    font-size: 42px;\n    font-weight: 800;\n    color: white !important;\n    margin: 0 0 15px 0;\n    text-shadow: 0 2px 4px rgba(0,0,0,0.2);\n}\n\n.chairman-details {\n    margin-top: 10px;\n}\n\n.chairman-name {\n    font-size: 24px;\n    font-weight: 700;\n    color: #F2D700;\n    margin: 0 0 5px 0;\n    text-shadow: 0 1px 2px rgba(0,0,0,0.2);\n}\n\n.chairman-title {\n    font-size: 16px;\n    color: rgba(255,255,255,0.9);\n    margin: 0;\n    font-weight: 500;\n}\n\n.message-content {\n    padding: 50px 40px;\n    position: relative;\n    z-index: 2;\n}\n\n.quote-mark {\n    font-size: 120px;\n    color: rgba(60,162,1,0.1);\n    font-weight: 900;\n    line-height: 1;\n    position: absolute;\n    top: 10px;\n    left: 20px;\n    z-index: 1;\n    font-family: Georgia, serif;\n}\n\n.closing-quote {\n    font-size: 120px;\n    color: rgba(60,162,1,0.1);\n    font-weight: 900;\n    line-height: 1;\n    position: absolute;\n    bottom: -30px;\n    right: 20px;\n    z-index: 1;\n    font-family: Georgia, serif;\n    transform: rotate(180deg);\n}\n\n.message-text {\n    position: relative;\n    z-index: 2;\n}\n\n.message-text p {\n    font-size: 17px;\n    color: #4a5568;\n    margin-bottom: 25px;\n    text-align: justify;\n    position: relative;\n}\n\n.intro-paragraph {\n    font-size: 19px;\n    font-weight: 600;\n    color: #2d3748;\n    background: linear-gradient(135deg, rgba(60,162,1,0.08), rgba(242,215,0,0.08));\n    padding: 30px;\n    border-radius: 20px;\n    border-left: 5px solid #3CA201;\n    margin: 30px 0 35px !important;\n    position: relative;\n}\n\n.closing-paragraph {\n    font-style: italic;\n    color: #2d3748;\n    font-weight: 600;\n    margin-bottom: 40px !important;\n    font-size: 18px;\n    text-align: center;\n    background: rgba(60,162,1,0.03);\n    padding: 25px;\n    border-radius: 15px;\n}\n\n.highlight-number {\n    background: linear-gradient(135deg, #F2D700, #d4bd00);\n    background-clip: text;\n    -webkit-background-clip: text;\n    -webkit-text-fill-color: transparent;\n    font-weight: 800;\n    font-size: 19px;\n    text-shadow: 0 1px 2px rgba(242,215,0,0.3);\n}\n\n.highlight-text {\n    background: linear-gradient(135deg, #3CA201, #2d7a01);\n    background-clip: text;\n    -webkit-background-clip: text;\n    -webkit-text-fill-color: transparent;\n    font-weight: 700;\n    position: relative;\n}\n\n.highlight-text::after {\n    content: '';\n    position: absolute;\n    bottom: -2px;\n    left: 0;\n    width: 100%;\n    height: 2px;\n    background: linear-gradient(90deg, #3CA201, #2d7a01);\n    opacity: 0.4;\n    border-radius: 1px;\n}\n\n.signature-section {\n    margin-top: 30px;\n    text-align: center;\n    position: relative;\n}\n\n.signature-line {\n    width: 150px;\n    height: 3px;\n    background: linear-gradient(90deg, transparent, #3CA201, transparent);\n    margin: 0 auto 20px;\n    border-radius: 2px;\n}\n\n.regards {\n    font-size: 18px;\n    color: #3CA201;\n    margin: 0;\n    font-style: italic;\n    font-weight: 600;\n}\n\n.decorative-bg {\n    position: absolute;\n    bottom: 0;\n    right: 0;\n    width: 300px;\n    height: 200px;\n    background: linear-gradient(135deg, rgba(60,162,1,0.03), rgba(242,215,0,0.03));\n    border-radius: 50% 0 30px 0;\n    z-index: 1;\n}\n\n\/* Responsive Design *\/\n@media (max-width: 768px) {\n    .chairman-message-container {\n        margin: 20px;\n        border-radius: 25px;\n    }\n    \n    .message-header {\n        padding: 30px 25px;\n    }\n    \n    .chairman-intro {\n        flex-direction: column;\n        text-align: center;\n        gap: 20px;\n    }\n    \n    .section-title {\n        font-size: 32px;\n    }\n    \n    .chairman-name {\n        font-size: 20px;\n    }\n    \n    .chairman-photo img {\n        width: 120px;\n        height: 140px;\n        border-radius: 15px;\n        object-position: center top;\n    }\n    \n    .message-content {\n        padding: 35px 25px;\n    }\n    \n    .message-text p {\n        font-size: 16px;\n        text-align: left;\n    }\n    \n    .intro-paragraph {\n        font-size: 17px;\n        padding: 25px 20px;\n    }\n    \n    .quote-mark {\n        font-size: 80px;\n        top: 5px;\n        left: 10px;\n    }\n    \n    .closing-quote {\n        font-size: 80px;\n        bottom: -20px;\n        right: 10px;\n    }\n}\n\n@media (max-width: 480px) {\n    .message-header {\n        padding: 25px 20px;\n    }\n    \n    .message-content {\n        padding: 30px 20px;\n    }\n    \n    .section-title {\n        font-size: 28px;\n    }\n    \n    .chairman-photo img {\n        width: 100px;\n        height: 120px;\n        object-position: center top;\n    }\n    \n    .message-text p {\n        font-size: 15px;\n        margin-bottom: 20px;\n    }\n    \n    .intro-paragraph {\n        font-size: 16px;\n        padding: 20px 15px;\n    }\n}\n\n\/* Hover Effects *\/\n.chairman-message-container:hover {\n    transform: translateY(-8px);\n    box-shadow: \n        0 40px 80px rgba(0,0,0,0.15),\n        0 15px 40px rgba(0,0,0,0.1);\n    transition: all 0.4s cubic-bezier(0.4, 0, 0.2, 1);\n}\n\n\/* Animation for entrance *\/\n@keyframes slideInFromTop {\n    from {\n        opacity: 0;\n        transform: translateY(-50px);\n    }\n    to {\n        opacity: 1;\n        transform: translateY(0);\n    }\n}\n\n.chairman-message-container {\n    animation: slideInFromTop 0.8s ease-out;\n}\n\n.message-header::after {\n    content: '';\n    position: absolute;\n    bottom: 0;\n    left: 0;\n    right: 0;\n    height: 30px;\n    background: linear-gradient(180deg, rgba(255,255,255,0) 0%, rgba(255,255,255,0.1) 100%);\n}\n<\/style>\t\t\t\t<\/div>\n\t\t\t\t<\/div>\n\t\t\t\t<\/div>\n\t\t\t\t<\/div>","protected":false},"excerpt":{"rendered":"<p>Ba\u015fkan\u0131n Mesaj\u0131 Fatih Av\u015far Av\u015far Holding Y\u00f6netim Kurulu Ba\u015fkan\u0131 &#8220; T\u00fcrkiye&#8217;de sekt\u00f6r\u00fcnde \u00f6nc\u00fc olan Dry Clean Express, geli\u015fime a\u00e7\u0131k y\u00f6netim anlay\u0131\u015f\u0131yla m\u00fc\u015fterileri, \u00e7al\u0131\u015fanlar\u0131 ve rakipleri taraf\u0131ndan tercih ve takdir edilen bir marka olma \u00f6zelli\u011fini ta\u015f\u0131maktad\u0131r. Bu ba\u015far\u0131m\u0131z, hedeflerimize do\u011fru zamanda ve kararl\u0131l\u0131kla odaklanmam\u0131zdan kaynaklanmaktad\u0131r. Dry Clean Express, 2006 y\u0131l\u0131nda AVS Grup taraf\u0131ndan \u0130stanbul Beykoz Acarkent&#8217;te&#8230;<\/p>","protected":false},"author":1,"featured_media":0,"parent":0,"menu_order":0,"comment_status":"closed","ping_status":"closed","template":"","meta":{"footnotes":""},"class_list":["post-988681","page","type-page","status-publish","hentry"],"_links":{"self":[{"href":"https:\/\/www.drycleanexpress.com.tr\/fr\/wp-json\/wp\/v2\/pages\/988681","targetHints":{"allow":["GET"]}}],"collection":[{"href":"https:\/\/www.drycleanexpress.com.tr\/fr\/wp-json\/wp\/v2\/pages"}],"about":[{"href":"https:\/\/www.drycleanexpress.com.tr\/fr\/wp-json\/wp\/v2\/types\/page"}],"author":[{"embeddable":true,"href":"https:\/\/www.drycleanexpress.com.tr\/fr\/wp-json\/wp\/v2\/users\/1"}],"replies":[{"embeddable":true,"href":"https:\/\/www.drycleanexpress.com.tr\/fr\/wp-json\/wp\/v2\/comments?post=988681"}],"version-history":[{"count":0,"href":"https:\/\/www.drycleanexpress.com.tr\/fr\/wp-json\/wp\/v2\/pages\/988681\/revisions"}],"wp:attachment":[{"href":"https:\/\/www.drycleanexpress.com.tr\/fr\/wp-json\/wp\/v2\/media?parent=988681"}],"curies":[{"name":"wp","href":"https:\/\/api.w.org\/{rel}","templated":true}]}}