{"id":989177,"date":"2025-09-16T18:51:09","date_gmt":"2025-09-16T15:51:09","guid":{"rendered":"https:\/\/www.drycleanexpress.com.tr\/?page_id=989177"},"modified":"2026-02-12T16:20:06","modified_gmt":"2026-02-12T13:20:06","slug":"politique-de-confidentialite","status":"publish","type":"page","link":"https:\/\/www.drycleanexpress.com.tr\/fr\/gizlilik-ilkesi\/","title":{"rendered":"politique de confidentialit\u00e9"},"content":{"rendered":"<div data-elementor-type=\"wp-page\" data-elementor-id=\"989177\" class=\"elementor elementor-989177\" data-elementor-post-type=\"page\">\n\t\t\t\t<div class=\"elementor-element elementor-element-d620b4f e-flex e-con-boxed e-con e-parent\" data-id=\"d620b4f\" data-element_type=\"container\" data-e-type=\"container\">\n\t\t\t\t\t<div class=\"e-con-inner\">\n\t\t\t\t<div class=\"elementor-element elementor-element-dc23c45 elementor-widget elementor-widget-text-editor\" data-id=\"dc23c45\" data-element_type=\"widget\" data-e-type=\"widget\" data-widget_type=\"text-editor.default\">\n\t\t\t\t<div class=\"elementor-widget-container\">\n\t\t\t\t\t\t\t\t\t<h2><b>POLITIQUE DE CONFIDENTIALIT\u00c9<\/b><\/h2><p class=\"p3\">S&#039;il te pla\u00eet <span class=\"s2\"><b>www.drycleanexpress.com.tr<\/b><\/span> \u00e0 travers et <span class=\"s2\"><b>Application mobile Dry Clean Express<\/b><\/span> Veuillez lire attentivement cette politique de confidentialit\u00e9 avant d&#039;utiliser nos services.<\/p><hr \/><h2><b>1. Responsable du traitement des donn\u00e9es<\/b><\/h2><p class=\"p3\">Donn\u00e9es personnelles collect\u00e9es via ce site web et cette application mobile, <span class=\"s2\"><b>Nettoyage \u00e0 sec express<\/b><\/span> par <span class=\"s2\"><b>Loi n\u00b0 6698 sur la protection des donn\u00e9es personnelles (\u201c KVKK \u201d)<\/b><\/span> et est trait\u00e9e conform\u00e9ment \u00e0 la l\u00e9gislation en vigueur.<\/p><h3><b>Coordonn\u00e9es:<\/b><\/h3><p class=\"p3\"><span class=\"s2\"><b>E-mail:<\/b><\/span> info@drycleanexpress.com<\/p><p class=\"p3\"><span class=\"s2\"><b>T\u00e9l\u00e9phone:<\/b><\/span> 444 31 47<\/p><p class=\"p3\"><span class=\"s2\"><b>Adresse:<\/b><\/span> Quartier Kavac\u0131k, rue Ekinciler, rue Elbistan n\u00b06, 34810 Beykoz<\/p><h3><b>Horaires d&#039;ouverture :<\/b><\/h3><p class=\"p4\"><b>Du lundi au samedi :<\/b><span class=\"s3\"> 08:00 \u2013 20:00<\/span><\/p><p class=\"p3\"><span class=\"s2\"><b>Dimanche:<\/b><\/span> 11h00 \u2013 17h00<\/p><hr \/><h2><b>2. Quelles donn\u00e9es collectons-nous ?<\/b><\/h2><ul><li><p class=\"p1\"><span class=\"s1\"><b>Formulaires\u00a0:<\/b><\/span> Nom, num\u00e9ro de t\u00e9l\u00e9phone, adresse \u00e9lectronique et adresse postale.<\/p><\/li><li><p class=\"p1\"><span class=\"s1\"><b>Ordres:<\/b><\/span> Informations d&#039;identification et de contact du client, et d\u00e9tails de la commande.<\/p><\/li><li><p class=\"p1\"><span class=\"s1\"><b>Emplacement:<\/b><\/span> \u201cLes informations de localisation sont utilis\u00e9es dans le cadre du syst\u00e8me \u201d Trouver l&#039;agence la plus proche \u00bb et du calcul des frais de livraison en fonction de la distance.<\/p><\/li><li><p class=\"p1\"><span class=\"s1\"><b>Appareil photo et galerie :<\/b><\/span> Prenez une photo ou s\u00e9lectionnez-en une dans la galerie pour une analyse de v\u00eatements bas\u00e9e sur l&#039;IA.<\/p><ul><li><p class=\"p1\">Photos <span class=\"s1\"><b>IA Gemini de Google<\/b><\/span> envoy\u00e9 au service<\/p><\/li><li><p class=\"p1\">Apr\u00e8s l&#039;analyse <span class=\"s1\"><b>Il ne peut \u00eatre cach\u00e9<\/b><\/span><\/p><\/li><\/ul><\/li><li><p class=\"p1\"><span class=\"s1\"><b>Jeton de notification push\u00a0:<\/b><\/span> Informations relatives \u00e0 l&#039;appareil pour les notifications d&#039;\u00e9tat des commandes.<\/p><\/li><li><p class=\"p1\"><span class=\"s1\"><b>Informations du compte Google\u00a0:<\/b><\/span> Nom, adresse e-mail et photo de profil<\/p><\/li><li><p class=\"p1\"><span class=\"s1\"><b>Sp\u00e9cifications techniques :<\/b><\/span> Adresse IP, informations sur l&#039;appareil, cookies et donn\u00e9es de trafic.<\/p><\/li><\/ul><hr \/><h2><b>3. Finalit\u00e9s du traitement des donn\u00e9es<\/b><\/h2><ul><li><p class=\"p1\">R\u00e9ception, traitement et livraison des commandes.<\/p><\/li><li><p class=\"p1\">Contacter le client (<span class=\"s1\"><b>t\u00e9l\u00e9phone, WhatsApp, courriel<\/b><\/span>)<\/p><\/li><li><p class=\"p1\">Gestion des processus d&#039;enl\u00e8vement et de livraison \u00e0 partir de l&#039;adresse.<\/p><\/li><li><p class=\"p1\"><span class=\"s1\"><b>\u201cTrouver la succursale la plus proche\u201d<\/b><\/span> D\u00e9termination du lieu du service<\/p><\/li><li><p class=\"p1\">Calcul des frais de livraison en fonction de la distance.<\/p><\/li><li><p class=\"p1\">Estimation du prix et de la dur\u00e9e gr\u00e2ce \u00e0 une analyse des v\u00eatements bas\u00e9e sur l&#039;IA.<\/p><\/li><li><p class=\"p1\">Notification de statut de commande par notification push.<\/p><\/li><li><p class=\"p1\">Connexion s\u00e9curis\u00e9e avec votre compte Google.<\/p><\/li><li><p class=\"p1\">Roue de la Fortune et coupons de r\u00e9duction du programme de fid\u00e9lit\u00e9<\/p><\/li><li><p class=\"p1\">Respect des obligations l\u00e9gales<\/p><\/li><li><p class=\"p1\">Am\u00e9liorer la qualit\u00e9 du service<\/p><\/li><\/ul><hr \/><h2><b>4. Transfert de donn\u00e9es<\/b><\/h2><p class=\"p3\">Vos donn\u00e9es peuvent \u00eatre transf\u00e9r\u00e9es dans les cas suivants\u00a0:<\/p><ul><li><p class=\"p1\">Succursales et prestataires de services de messagerie concern\u00e9s<\/p><\/li><li><p class=\"p1\">Fournisseurs d&#039;infrastructures d&#039;h\u00e9bergement et de communication<\/p><\/li><li><p class=\"p1\">autorit\u00e9s l\u00e9gales (le cas \u00e9ch\u00e9ant)<\/p><\/li><\/ul><h3><b>Google Firebase<\/b><\/h3><p class=\"p3\">Les informations du jeton de l&#039;appareil sont utilis\u00e9es pour le service de notifications push.<\/p><h3><b>API Google Maps<\/b><\/h3><p class=\"p3\">Les informations d&#039;adresse sont utilis\u00e9es pour le calcul des distances et l&#039;orientation des succursales.<\/p><hr \/><h3><b>Google Gemini AI (Analyse des v\u00eatements par intelligence artificielle)<\/b><\/h3><p class=\"p3\"><span class=\"s2\"><b>Donn\u00e9es envoy\u00e9es\u00a0:<\/b><\/span> Photo de v\u00eatements t\u00e9l\u00e9charg\u00e9e<\/p><p class=\"p3\"><span class=\"s2\"><b>But:<\/b><\/span> Type de v\u00eatement, tissu, couleur et identification des taches, ainsi qu&#039;une estimation du prix.<\/p><p class=\"p3\"><span class=\"s2\"><b>Autorisation de l&#039;utilisateur\u00a0:<\/b><\/span> Un consentement explicite est obtenu avant l&#039;analyse.<\/p><p class=\"p3\"><span class=\"s2\"><b>Stockage des donn\u00e9es\u00a0:<\/b><\/span> Les photos ne sont pas stock\u00e9es de fa\u00e7on permanente.<\/p><p class=\"p3\"><span class=\"s2\"><b>S\u00e9curit\u00e9:<\/b><\/span> Transmission chiffr\u00e9e avec HTTPS\/TLS<\/p><p class=\"p3\"><span class=\"s2\"><b>Politique de confidentialit\u00e9 de Google\u00a0:<\/b><\/span> https:\/\/policies.google.com\/privacy<\/p><p class=\"p4\"><b>Vos donn\u00e9es ne seront en aucun cas partag\u00e9es avec des tiers \u00e0 des fins commerciales.<\/b><b><\/b><\/p><hr \/><h2><b>4.1 Services d&#039;intelligence artificielle tiers<\/b><\/h2><p class=\"p3\">Nettoyage \u00e0 sec express, pour l&#039;analyse des v\u00eatements. <span class=\"s2\"><b>Google LLC \u2013 IA Gemini de Google<\/b><\/span> Il utilise ce service.<\/p><h3><b>Au cours du processus d&#039;analyse\u00a0:<\/b><\/h3><ul><li><p class=\"p1\">La photo est envoy\u00e9e aux serveurs de Google.<\/p><\/li><li><p class=\"p1\">Les informations relatives aux v\u00eatements sont d\u00e9termin\u00e9es \u00e0 la suite de l&#039;analyse.<\/p><\/li><li><p class=\"p1\">Les r\u00e9sultats sont affich\u00e9s \u00e0 l&#039;utilisateur.<\/p><\/li><\/ul><h3><b>Mesures de protection des donn\u00e9es\u00a0:<\/b><\/h3><ul><li><p class=\"p1\">La photographie est uniquement destin\u00e9e \u00e0 des fins d&#039;analyse.<\/p><\/li><li><p class=\"p1\">Le stockage permanent n&#039;est pas possible.<\/p><\/li><li><p class=\"p1\">Une connexion chiffr\u00e9e est utilis\u00e9e.<\/p><\/li><\/ul><h3><b>Consentement de l&#039;utilisateur\u00a0:<\/b><\/h3><ul><li><p class=\"p1\">Les informations sont fournies avant l&#039;analyse.<\/p><\/li><li><p class=\"p1\">\u201cLe processus commence par \u201d Analyser \u00bb.<\/p><\/li><li><p class=\"p1\">\u201cLe bouton \u201d Accepter et continuer \u00bb constitue un consentement explicite.<\/p><\/li><li><p class=\"p1\">Cette fonctionnalit\u00e9 ne peut \u00eatre utilis\u00e9e sans autorisation.<\/p><\/li><li><p class=\"p1\">Peut \u00eatre abandonn\u00e9 si on le souhaite.<\/p><\/li><\/ul><hr \/><h2><b>5. Cookies et technologies de suivi<\/b><\/h2><ul><li><p class=\"p1\">Sur le site web <span class=\"s1\"><b>cookies obligatoires<\/b><\/span> utilis\u00e9<\/p><\/li><li><p class=\"p1\">Disponible pour les prestations et le service \u201c agence la plus proche \u201d.<\/p><\/li><li><p class=\"p1\">Les param\u00e8tres des cookies peuvent \u00eatre modifi\u00e9s via le navigateur.<\/p><\/li><\/ul><hr \/><h2><b>6. Dur\u00e9e de conservation des donn\u00e9es<\/b><\/h2><ul><li><p class=\"p1\">Informations sur les commandes et les clients\u00a0: <span class=\"s1\"><b>10 ans<\/b><b><\/b><\/span><\/p><\/li><li><p class=\"p1\"><span class=\"s1\">Informations sur le lieu\u00a0: <\/span><b>Le traitement est instantan\u00e9, il n&#039;est pas enregistr\u00e9.<\/b><b><\/b><\/p><\/li><li><p class=\"p1\">Photos de v\u00eatements\u00a0: <span class=\"s1\"><b>Il est impossible de le cacher.<\/b><b><\/b><\/span><\/p><\/li><li><p class=\"p1\">Jeton d&#039;activation\u00a0: jusqu&#039;\u00e0 la suppression de l&#039;application ou la r\u00e9vocation des autorisations.<\/p><\/li><\/ul><hr \/><h2><b>7. Mesures de s\u00e9curit\u00e9<\/b><\/h2><ul><li><p class=\"p1\"><b>certificat de s\u00e9curit\u00e9 SSL<\/b><b><\/b><\/p><\/li><li><p class=\"p1\">mesures de s\u00e9curit\u00e9 techniques et administratives<\/p><\/li><li><p class=\"p1\">transmission de donn\u00e9es mobiles crypt\u00e9es<\/p><\/li><li><p class=\"p1\">Connexion chiffr\u00e9e pour les transferts de donn\u00e9es tiers.<\/p><\/li><\/ul><hr \/><h2><b>8. Droits du consommateur (article 11 de la loi KVKK)<\/b><\/h2><p class=\"p3\">Les clients disposent des droits suivants\u00a0:<\/p><ul><li><p class=\"p1\">Pour savoir si vos donn\u00e9es sont trait\u00e9es.<\/p><\/li><li><p class=\"p1\">Demande d&#039;informations<\/p><\/li><li><p class=\"p1\">Apprendre le but du traitement<\/p><\/li><li><p class=\"p1\">Conna\u00eetre les tiers auxquels il est transf\u00e9r\u00e9<\/p><\/li><li><p class=\"p1\">Demander une correction<\/p><\/li><li><p class=\"p1\">Demander sa suppression ou sa destruction<\/p><\/li><li><p class=\"p1\">Opposition \u00e0 l&#039;analyse automatis\u00e9e des syst\u00e8mes.<\/p><\/li><\/ul><p class=\"p4\"><span class=\"s3\">Pour postuler\u00a0: <\/span><b>info@drycleanexpress.com<\/b><b><\/b><\/p><hr \/><h2><b>9. Autorisations de l&#039;application mobile<\/b><\/h2><ul><li><p class=\"p1\"><span class=\"s1\"><b>Cam\u00e9ra:<\/b><\/span> Photo de v\u00eatements<\/p><\/li><li><p class=\"p1\"><b>Galerie\/Stockage :<\/b><span class=\"s1\"> S\u00e9lection de photos<\/span><\/p><\/li><li><p class=\"p1\"><span class=\"s1\"><b>Emplacement:<\/b><\/span> Calcul de l&#039;emplacement et de la distance des succursales<\/p><\/li><li><p class=\"p1\"><span class=\"s1\"><b>Notifications :<\/b><\/span> Informations sur la commande<\/p><\/li><li><p class=\"p1\"><span class=\"s1\"><b>Internet:<\/b><\/span> Fonctionnalit\u00e9s de l&#039;application<\/p><\/li><\/ul><p class=\"p3\">Les autorisations peuvent \u00eatre g\u00e9r\u00e9es via les param\u00e8tres de l&#039;appareil.<\/p><hr \/><h2><b>9.1 Fonctionnalit\u00e9 d&#039;analyse des v\u00eatements par IA<\/b><\/h2><ul><li><p class=\"p1\">La photo est envoy\u00e9e aux serveurs d&#039;IA de Google Gemini.<\/p><\/li><li><p class=\"p1\">Une autorisation explicite est obtenue avant l&#039;analyse.<\/p><\/li><li><p class=\"p1\">Les photographies ne sont pas conserv\u00e9es de fa\u00e7on permanente.<\/p><\/li><li><p class=\"p1\">Les r\u00e9sultats ne sont visibles que par l&#039;utilisateur.<\/p><\/li><\/ul><h3><b>Important:<\/b><\/h3><ul><li><p class=\"p1\">Cette fonctionnalit\u00e9 est enti\u00e8rement optionnelle.<\/p><\/li><li><p class=\"p1\">Cela ne fonctionnera pas sans autorisation.<\/p><\/li><li><p class=\"p1\">\u201cAnnul\u00e9<\/p><\/li><li><p class=\"p1\">Elle est ind\u00e9pendante des autres fonctionnalit\u00e9s de l&#039;application.<\/p><\/li><\/ul><hr \/><h2><b>Droits garantis par le 10e amendement<\/b><\/h2><p class=\"p3\">Dry Clean Express se r\u00e9serve le droit de modifier sa politique de confidentialit\u00e9. La version actuelle est en vigueur \u00e0 compter de sa date de publication.<\/p><hr \/><p class=\"p4\"><b>Derni\u00e8re mise \u00e0 jour : f\u00e9vrier 2026<\/b><\/p>\t\t\t\t\t\t\t\t<\/div>\n\t\t\t\t<\/div>\n\t\t\t\t\t<\/div>\n\t\t\t\t<\/div>\n\t\t\t\t<\/div>","protected":false},"excerpt":{"rendered":"<p>G\u0130ZL\u0130L\u0130K POL\u0130T\u0130KASI L\u00fctfen www.drycleanexpress.com.tr \u00fczerinden ve Dry Clean Express mobil uygulamas\u0131 arac\u0131l\u0131\u011f\u0131yla hizmet almadan \u00f6nce bu Gizlilik Politikas\u0131n\u0131 dikkatlice okuyunuz. 1. Veri Sorumlusu Bu web sitesi ve mobil uygulama \u00fczerinden toplanan ki\u015fisel veriler, Dry Clean Express taraf\u0131ndan 6698 say\u0131l\u0131 Ki\u015fisel Verilerin Korunmas\u0131 Kanunu (\u201cKVKK\u201d) ve ilgili mevzuata uygun olarak i\u015flenmektedir. \u0130leti\u015fim Bilgileri: E-posta: info@drycleanexpress.com Telefon:&#8230;<\/p>","protected":false},"author":1,"featured_media":0,"parent":0,"menu_order":0,"comment_status":"closed","ping_status":"closed","template":"","meta":{"footnotes":""},"class_list":["post-989177","page","type-page","status-publish","hentry"],"_links":{"self":[{"href":"https:\/\/www.drycleanexpress.com.tr\/fr\/wp-json\/wp\/v2\/pages\/989177","targetHints":{"allow":["GET"]}}],"collection":[{"href":"https:\/\/www.drycleanexpress.com.tr\/fr\/wp-json\/wp\/v2\/pages"}],"about":[{"href":"https:\/\/www.drycleanexpress.com.tr\/fr\/wp-json\/wp\/v2\/types\/page"}],"author":[{"embeddable":true,"href":"https:\/\/www.drycleanexpress.com.tr\/fr\/wp-json\/wp\/v2\/users\/1"}],"replies":[{"embeddable":true,"href":"https:\/\/www.drycleanexpress.com.tr\/fr\/wp-json\/wp\/v2\/comments?post=989177"}],"version-history":[{"count":9,"href":"https:\/\/www.drycleanexpress.com.tr\/fr\/wp-json\/wp\/v2\/pages\/989177\/revisions"}],"predecessor-version":[{"id":989994,"href":"https:\/\/www.drycleanexpress.com.tr\/fr\/wp-json\/wp\/v2\/pages\/989177\/revisions\/989994"}],"wp:attachment":[{"href":"https:\/\/www.drycleanexpress.com.tr\/fr\/wp-json\/wp\/v2\/media?parent=989177"}],"curies":[{"name":"wp","href":"https:\/\/api.w.org\/{rel}","templated":true}]}}