{"id":989182,"date":"2025-09-16T18:54:40","date_gmt":"2025-09-16T15:54:40","guid":{"rendered":"https:\/\/www.drycleanexpress.com.tr\/?page_id=989182"},"modified":"2025-09-16T18:56:04","modified_gmt":"2025-09-16T15:56:04","slug":"texte-dinformation-de-la-kvkk-loi-sur-la-protection-des-donnees-personnelles","status":"publish","type":"page","link":"https:\/\/www.drycleanexpress.com.tr\/fr\/kvkk-aydinlatma-metni\/","title":{"rendered":"Texte d&#039;information sur la loi relative \u00e0 la protection des donn\u00e9es personnelles (KVKK)"},"content":{"rendered":"<div data-elementor-type=\"wp-page\" data-elementor-id=\"989182\" class=\"elementor elementor-989182\" data-elementor-post-type=\"page\">\n\t\t\t\t<div class=\"elementor-element elementor-element-6e03f28 e-flex e-con-boxed e-con e-parent\" data-id=\"6e03f28\" data-element_type=\"container\" data-e-type=\"container\">\n\t\t\t\t\t<div class=\"e-con-inner\">\n\t\t\t\t<div class=\"elementor-element elementor-element-2616a76 elementor-widget elementor-widget-text-editor\" data-id=\"2616a76\" data-element_type=\"widget\" data-e-type=\"widget\" data-widget_type=\"text-editor.default\">\n\t\t\t\t<div class=\"elementor-widget-container\">\n\t\t\t\t\t\t\t\t\t<h4><b>Texte d&#039;information sur la loi relative \u00e0 la protection des donn\u00e9es personnelles (KVKK)<br \/><br \/>1. Responsable du traitement des donn\u00e9es<\/b><\/h4><p class=\"p3\">Vos donn\u00e9es personnelles sont trait\u00e9es par nous en tant que responsable du traitement des donn\u00e9es. <span class=\"s2\"><b>Nettoyage \u00e0 sec express<\/b><\/span> Les donn\u00e9es personnelles sont trait\u00e9es par nos soins dans le cadre de la loi n\u00b0 6698 relative \u00e0 la protection des donn\u00e9es personnelles (\u201c KVKK \u201d).<\/p><p class=\"p4\"><b>Coordonn\u00e9es:<\/b><b><\/b><\/p><ul><li><p class=\"p1\"><span class=\"s1\"><b>E-mail:<\/b><\/span> info@drycleanexpress.com<\/p><\/li><li><p class=\"p1\"><span class=\"s1\"><b>T\u00e9l\u00e9phone:<\/b><\/span> 444 31 47<\/p><\/li><li><p class=\"p1\"><span class=\"s1\"><b>Adresse:<\/b><\/span> Quartier Kavac\u0131k, rue Ekinciler, rue Elbistan n\u00b06, 34810 Beykoz<\/p><\/li><\/ul><h4><b>2. Cat\u00e9gories de donn\u00e9es personnelles trait\u00e9es<\/b><\/h4><ul><li><p class=\"p1\"><b>Informations d&#039;identit\u00e9\u00a0:<\/b><span class=\"s1\"> Pr\u00e9nom, nom de famille<\/span><\/p><\/li><li><p class=\"p1\"><span class=\"s1\"><b>Coordonn\u00e9es:<\/b><\/span> T\u00e9l\u00e9phone, courriel, adresse<\/p><\/li><li><p class=\"p1\"><span class=\"s1\"><b>Informations sur le lieu\u00a0:<\/b><\/span> \u201cDonn\u00e9es de g\u00e9olocalisation collect\u00e9es dans le cadre du service \u201d Trouver l&#039;agence la plus proche \u00bb.<\/p><\/li><li><p class=\"p1\"><span class=\"s1\"><b>Informations sur la transaction\u00a0:<\/b><\/span> D\u00e9tails de la commande, pr\u00e9f\u00e9rences de livraison, mode de paiement (paiement \u00e0 la livraison uniquement)<\/p><\/li><li><p class=\"p1\"><span class=\"s1\"><b>Sp\u00e9cifications techniques :<\/b><\/span> Adresse IP, informations sur l&#039;appareil, donn\u00e9es de cookies<\/p><\/li><\/ul><h4><b>3. Finalit\u00e9s du traitement des donn\u00e9es personnelles<\/b><\/h4><ul><li><p class=\"p1\">R\u00e9ception, pr\u00e9paration et livraison des commandes.<\/p><\/li><li><p class=\"p1\">Gestion des processus d&#039;enl\u00e8vement et de livraison \u00e0 l&#039;adresse indiqu\u00e9e.<\/p><\/li><li><p class=\"p1\">Communication avec le client (t\u00e9l\u00e9phone, WhatsApp, e-mail)<\/p><\/li><li><p class=\"p1\">\u201cLa branche la plus appropri\u00e9e est d\u00e9termin\u00e9e \u00e0 l&#039;aide du syst\u00e8me \u201d Trouver la branche la plus proche \u00bb.<\/p><\/li><li><p class=\"p1\">Am\u00e9liorer la satisfaction client et la qualit\u00e9 du service.<\/p><\/li><li><p class=\"p1\">Respect des obligations l\u00e9gales (facturation, d\u00e9clarations fiscales, demandes officielles)<\/p><\/li><\/ul><h4><b>4. Parties auxquelles des donn\u00e9es personnelles peuvent \u00eatre transf\u00e9r\u00e9es<\/b><\/h4><p class=\"p3\">Vos donn\u00e9es personnelles ne seront trait\u00e9es que dans la mesure n\u00e9cessaire \u00e0 l&#039;activit\u00e9 de l&#039;entreprise et conform\u00e9ment \u00e0 la loi sur la protection des donn\u00e9es personnelles (KVKK).;<\/p><ul><li><p class=\"p1\">succursales de Dry Clean Express,<\/p><\/li><li><p class=\"p1\">Prestataires de services de messagerie et de logistique,<\/p><\/li><li><p class=\"p1\">Fournisseurs d&#039;infrastructures de communication (par exemple, WhatsApp, services d&#039;h\u00e9bergement),<\/p><\/li><li><p class=\"p1\">autorit\u00e9s l\u00e9gales et institutions officielles<\/p><p class=\"p1\">Vos donn\u00e9es peuvent \u00eatre partag\u00e9es avec des tiers. Elles ne seront en aucun cas partag\u00e9es avec des tiers \u00e0 des fins commerciales.<\/p><\/li><\/ul><h4><b>5. M\u00e9thode et base juridique de la collecte des donn\u00e9es personnelles<\/b><\/h4><p class=\"p3\">Vos donn\u00e9es personnelles ;<\/p><ul><li><p class=\"p1\">Formulaires de site Web,<\/p><\/li><li><p class=\"p1\">Registres de commandes et de livraisons,<\/p><\/li><li><p class=\"p1\">Canaux de communication (t\u00e9l\u00e9phone, WhatsApp, courriel)<\/p><p class=\"p1\">La collecte est automatique ou partiellement automatique.<\/p><\/li><\/ul><p class=\"p3\">Raisons juridiques\u00a0:<\/p><ul><li><p class=\"p1\"><b>Formation et ex\u00e9cution du contrat<\/b><span class=\"s1\"> (Article 5\/2-c du Code de la propri\u00e9t\u00e9 intellectuelle)<\/span><\/p><\/li><li><p class=\"p1\"><b>Respect des obligations l\u00e9gales<\/b><span class=\"s1\"> (Article 5\/2-c du Code de la propri\u00e9t\u00e9 intellectuelle)<\/span><\/p><\/li><li><p class=\"p1\"><span class=\"s1\"><b>Int\u00e9r\u00eat l\u00e9gitime<\/b><\/span> (Article 5\/2-f du Code de la propri\u00e9t\u00e9 intellectuelle)<\/p><\/li><li><p class=\"p1\"><span class=\"s1\"><b>Consentement explicite<\/b><\/span> (pour les autorisations de marketing\/communication, le cas \u00e9ch\u00e9ant)<\/p><\/li><\/ul><h4><b>6. Dur\u00e9e de stockage<\/b><\/h4><ul><li><p class=\"p1\">Archives des commandes et des factures\u00a0: 10 ans (conform\u00e9ment \u00e0 la loi sur la proc\u00e9dure fiscale)<\/p><\/li><li><p class=\"p1\">Coordonn\u00e9es : Dans un d\u00e9lai raisonnable apr\u00e8s la finalisation de la transaction.<\/p><\/li><li><p class=\"p1\">Informations de localisation\u00a0: non conserv\u00e9es apr\u00e8s la redirection de la branche.<\/p><\/li><li><p class=\"p1\">Donn\u00e9es techniques et de journalisation : 2 ans<\/p><\/li><\/ul><h4><b>7. Droits de la personne concern\u00e9e (article 11 de la loi KVKK)<\/b><\/h4><p class=\"p3\">Les personnes dont les donn\u00e9es personnelles sont trait\u00e9es\u00a0;<\/p><ul><li><p class=\"p1\">Pour savoir si vos donn\u00e9es sont trait\u00e9es,<\/p><\/li><li><p class=\"p1\">Demander des informations si la demande a \u00e9t\u00e9 trait\u00e9e.,<\/p><\/li><li><p class=\"p1\">Pour conna\u00eetre la finalit\u00e9 du traitement et v\u00e9rifier s&#039;il est utilis\u00e9 conform\u00e9ment \u00e0 sa finalit\u00e9 pr\u00e9vue.,<\/p><\/li><li><p class=\"p1\">Conna\u00eetre les tiers auxquels il est transf\u00e9r\u00e9, que ce soit au niveau national ou international.,<\/p><\/li><li><p class=\"p1\">Demande de corrections si le document est incomplet ou a \u00e9t\u00e9 trait\u00e9 incorrectement.,<\/p><\/li><li><p class=\"p1\">Demander sa suppression ou sa destruction,<\/p><\/li><li><p class=\"p1\">Contestant les r\u00e9sultats du processus,<\/p><p class=\"p1\">Ils ont des droits.<\/p><\/li><\/ul><h4><b>8. M\u00e9thode d&#039;application<\/b><\/h4><p class=\"p3\">Vous pouvez soumettre vos demandes en vertu de la KVKK (Loi sur la protection des donn\u00e9es personnelles) par \u00e9crit ou par voie \u00e9lectronique, accompagn\u00e9es de documents v\u00e9rifiant votre identit\u00e9. <span class=\"s2\"><b>info@drycleanexpress.com<\/b><\/span> Vous pouvez les envoyer \u00e0 cette adresse. Vos demandes recevront une r\u00e9ponse dans un d\u00e9lai maximum de 30 jours.<\/p><h4><b>9. Entr\u00e9e en vigueur et modifications<\/b><\/h4><p class=\"p3\">La pr\u00e9sente politique de confidentialit\u00e9 est entr\u00e9e en vigueur \u00e0 la date de sa publication sur www.drycleanexpress.com.tr. Dry Clean Express se r\u00e9serve le droit d&#039;y apporter des modifications si n\u00e9cessaire. La version mise \u00e0 jour sera applicable \u00e0 compter de sa publication sur le site web.<\/p>\t\t\t\t\t\t\t\t<\/div>\n\t\t\t\t<\/div>\n\t\t\t\t\t<\/div>\n\t\t\t\t<\/div>\n\t\t\t\t<\/div>","protected":false},"excerpt":{"rendered":"<p>KVKK Ayd\u0131nlatma Metni 1. Veri Sorumlusu Ki\u015fisel verileriniz, veri sorumlusu s\u0131fat\u0131yla Dry Clean Express taraf\u0131ndan 6698 say\u0131l\u0131 Ki\u015fisel Verilerin Korunmas\u0131 Kanunu (\u201cKVKK\u201d) kapsam\u0131nda i\u015flenmektedir. \u0130leti\u015fim Bilgileri: E-posta: info@drycleanexpress.com Telefon: 444 31 47 Adres: Kavac\u0131k Mahallesi, Ekinciler Cd, Elbistan Sk No:6, 34810 Beykoz 2. \u0130\u015flenen Ki\u015fisel Veri Kategorileri Kimlik Bilgileri: Ad, soyad \u0130leti\u015fim Bilgileri: Telefon, e-posta,&#8230;<\/p>","protected":false},"author":1,"featured_media":0,"parent":0,"menu_order":0,"comment_status":"closed","ping_status":"closed","template":"","meta":{"footnotes":""},"class_list":["post-989182","page","type-page","status-publish","hentry"],"_links":{"self":[{"href":"https:\/\/www.drycleanexpress.com.tr\/fr\/wp-json\/wp\/v2\/pages\/989182","targetHints":{"allow":["GET"]}}],"collection":[{"href":"https:\/\/www.drycleanexpress.com.tr\/fr\/wp-json\/wp\/v2\/pages"}],"about":[{"href":"https:\/\/www.drycleanexpress.com.tr\/fr\/wp-json\/wp\/v2\/types\/page"}],"author":[{"embeddable":true,"href":"https:\/\/www.drycleanexpress.com.tr\/fr\/wp-json\/wp\/v2\/users\/1"}],"replies":[{"embeddable":true,"href":"https:\/\/www.drycleanexpress.com.tr\/fr\/wp-json\/wp\/v2\/comments?post=989182"}],"version-history":[{"count":0,"href":"https:\/\/www.drycleanexpress.com.tr\/fr\/wp-json\/wp\/v2\/pages\/989182\/revisions"}],"wp:attachment":[{"href":"https:\/\/www.drycleanexpress.com.tr\/fr\/wp-json\/wp\/v2\/media?parent=989182"}],"curies":[{"name":"wp","href":"https:\/\/api.w.org\/{rel}","templated":true}]}}